{"id":462,"date":"2025-08-26T15:52:39","date_gmt":"2025-08-26T12:52:39","guid":{"rendered":"https:\/\/goldiskele.com\/?page_id=462"},"modified":"2025-09-17T11:38:46","modified_gmt":"2025-09-17T08:38:46","slug":"hakkimizda","status":"publish","type":"page","link":"https:\/\/goldiskele.com\/en\/about-us\/","title":{"rendered":"About Us"},"content":{"rendered":"<div data-elementor-type=\"wp-page\" data-elementor-id=\"462\" class=\"elementor elementor-462\" data-elementor-post-type=\"page\">\n\t\t\t\t<div class=\"elementor-element elementor-element-5198f1b e-con-full e-flex e-con e-parent\" data-id=\"5198f1b\" data-element_type=\"container\" data-settings=\"{&quot;background_background&quot;:&quot;gradient&quot;}\">\n\t\t\t\t<div class=\"elementor-element elementor-element-f3ab2a4 elementor-widget elementor-widget-template\" data-id=\"f3ab2a4\" data-element_type=\"widget\" data-widget_type=\"template.default\">\n\t\t\t\t<div class=\"elementor-widget-container\">\n\t\t\t\t\t\t\t<div class=\"elementor-template\">\n\t\t\t\t\t<div data-elementor-type=\"section\" data-elementor-id=\"420\" class=\"elementor elementor-420\" data-elementor-post-type=\"elementor_library\">\n\t\t\t\t\t<section class=\"elementor-section elementor-top-section elementor-element elementor-element-47032a9 elementor-section-boxed elementor-section-height-default elementor-section-height-default\" data-id=\"47032a9\" data-element_type=\"section\">\n\t\t\t\t\t\t\t<div class=\"elementor-background-overlay\"><\/div>\n\t\t\t\t\t\t\t<div class=\"elementor-container elementor-column-gap-default\">\n\t\t\t\t\t<div class=\"elementor-column elementor-col-100 elementor-top-column elementor-element elementor-element-832da9e\" data-id=\"832da9e\" data-element_type=\"column\">\n\t\t\t<div class=\"elementor-widget-wrap elementor-element-populated\">\n\t\t\t\t\t\t<div class=\"elementor-element elementor-element-8017f1c elementor-icon-list--layout-inline elementor-align-left elementor-widget__width-auto elementor-list-item-link-full_width elementor-invisible elementor-widget elementor-widget-icon-list\" data-id=\"8017f1c\" data-element_type=\"widget\" data-settings=\"{&quot;_animation&quot;:&quot;fadeInDown&quot;}\" data-widget_type=\"icon-list.default\">\n\t\t\t\t\t\t\t<ul class=\"elementor-icon-list-items elementor-inline-items\">\n\t\t\t\t\t\t\t<li class=\"elementor-icon-list-item elementor-inline-item\">\n\t\t\t\t\t\t\t\t\t\t\t<a href=\"\/en\/\">\n\n\t\t\t\t\t\t\t\t\t\t\t<span class=\"elementor-icon-list-text\">Home \/<\/span>\n\t\t\t\t\t\t\t\t\t\t\t<\/a>\n\t\t\t\t\t\t\t\t\t<\/li>\n\t\t\t\t\t\t<\/ul>\n\t\t\t\t\t\t<\/div>\n\t\t\t\t\t<\/div>\n\t\t<\/div>\n\t\t\t\t\t<\/div>\n\t\t<\/section>\n\t\t\t\t<\/div>\n\t\t\t\t<\/div>\n\t\t\t\t\t\t<\/div>\n\t\t\t\t<\/div>\n\t\t\t\t<\/div>\n\t\t\t\t<section class=\"elementor-section elementor-top-section elementor-element elementor-element-e10f2a8 elementor-section-content-middle elementor-section-boxed elementor-section-height-default elementor-section-height-default\" data-id=\"e10f2a8\" data-element_type=\"section\" data-settings=\"{&quot;background_background&quot;:&quot;classic&quot;}\">\n\t\t\t\t\t\t\t<div class=\"elementor-background-overlay\"><\/div>\n\t\t\t\t\t\t\t<div class=\"elementor-container elementor-column-gap-default\">\n\t\t\t\t\t<div class=\"elementor-column elementor-col-50 elementor-top-column elementor-element elementor-element-9fe7a94 elementor-invisible\" data-id=\"9fe7a94\" data-element_type=\"column\" data-settings=\"{&quot;animation&quot;:&quot;fadeInLeft&quot;}\">\n\t\t\t<div class=\"elementor-widget-wrap elementor-element-populated\">\n\t\t\t\t\t\t<div class=\"elementor-element elementor-element-2622f4b elementor-widget elementor-widget-heading\" data-id=\"2622f4b\" data-element_type=\"widget\" data-widget_type=\"heading.default\">\n\t\t\t\t\t<p class=\"elementor-heading-title elementor-size-default\">Who Are We?<\/p>\t\t\t\t<\/div>\n\t\t\t\t<div class=\"elementor-element elementor-element-50b6e3c elementor-widget elementor-widget-text-editor\" data-id=\"50b6e3c\" data-element_type=\"widget\" data-widget_type=\"text-editor.default\">\n\t\t\t\t\t\t\t\t\t<p data-start=\"213\" data-end=\"582\" class=\"translation-block\">As Gold Scaffold, we provide safe, durable, and internationally standardized scaffolding solutions for the construction industry. In our modern production facility, we manufacture scaffold systems to meet every need, from small-scale projects to large infrastructure investments. With our innovative approach and strong engineering infrastructure, we bring both safety and efficiency to your projects.<\/p><p data-start=\"584\" data-end=\"896\">With our expert, experienced, and dynamic team, we aim to be not just a supplier, but a reliable solution partner for our clients. Through our work both domestically and internationally, we always prioritize quality and customer satisfaction, contributing to the development of the construction industry.<\/p>\t\t\t\t\t\t\t\t<\/div>\n\t\t\t\t\t<\/div>\n\t\t<\/div>\n\t\t\t\t<div class=\"elementor-column elementor-col-50 elementor-top-column elementor-element elementor-element-ceda4db elementor-invisible\" data-id=\"ceda4db\" data-element_type=\"column\" data-settings=\"{&quot;animation&quot;:&quot;fadeInRight&quot;}\">\n\t\t\t<div class=\"elementor-widget-wrap elementor-element-populated\">\n\t\t\t\t\t\t<div class=\"elementor-element elementor-element-0189a14 elementor-widget elementor-widget-image\" data-id=\"0189a14\" data-element_type=\"widget\" data-widget_type=\"image.default\">\n\t\t\t\t\t\t\t\t\t\t\t\t\t\t\t<img fetchpriority=\"high\" decoding=\"async\" width=\"1204\" height=\"1600\" src=\"https:\/\/goldiskele.com\/img\/2025\/09\/imalatimiz-fabrikamiz-gold-iskele-7.webp\" class=\"attachment-full size-full wp-image-1456\" alt=\"\" srcset=\"https:\/\/goldiskele.com\/img\/2025\/09\/imalatimiz-fabrikamiz-gold-iskele-7.webp 1204w, https:\/\/goldiskele.com\/img\/2025\/09\/imalatimiz-fabrikamiz-gold-iskele-7-226x300.webp 226w, https:\/\/goldiskele.com\/img\/2025\/09\/imalatimiz-fabrikamiz-gold-iskele-7-771x1024.webp 771w, https:\/\/goldiskele.com\/img\/2025\/09\/imalatimiz-fabrikamiz-gold-iskele-7-768x1021.webp 768w, https:\/\/goldiskele.com\/img\/2025\/09\/imalatimiz-fabrikamiz-gold-iskele-7-1156x1536.webp 1156w, https:\/\/goldiskele.com\/img\/2025\/09\/imalatimiz-fabrikamiz-gold-iskele-7-9x12.webp 9w\" sizes=\"(max-width: 1204px) 100vw, 1204px\" \/>\t\t\t\t\t\t\t\t\t\t\t\t\t\t\t<\/div>\n\t\t\t\t<div class=\"elementor-element elementor-element-40df671 elementor-widget__width-initial elementor-absolute elementor-widget elementor-widget-counter\" data-id=\"40df671\" data-element_type=\"widget\" data-settings=\"{&quot;_position&quot;:&quot;absolute&quot;}\" data-widget_type=\"counter.default\">\n\t\t\t\t\t\t\t<div class=\"elementor-counter\">\n\t\t\t<div class=\"elementor-counter-title\">Y\u0131ll\u0131k Deneyim<\/div>\t\t\t<div class=\"elementor-counter-number-wrapper\">\n\t\t\t\t<span class=\"elementor-counter-number-prefix\"><\/span>\n\t\t\t\t<span class=\"elementor-counter-number\" data-duration=\"2000\" data-to-value=\"15\" data-from-value=\"0\" data-delimiter=\",\">0<\/span>\n\t\t\t\t<span class=\"elementor-counter-number-suffix\">+<\/span>\n\t\t\t<\/div>\n\t\t<\/div>\n\t\t\t\t\t\t<\/div>\n\t\t\t\t\t<\/div>\n\t\t<\/div>\n\t\t\t\t\t<\/div>\n\t\t<\/section>\n\t\t<div class=\"elementor-element elementor-element-1426ba6 e-flex e-con-boxed e-con e-parent\" data-id=\"1426ba6\" data-element_type=\"container\" id=\"fabrikamiz\">\n\t\t\t\t\t<div class=\"e-con-inner\">\n\t\t\t\t<div class=\"elementor-element elementor-element-de5d018 elementor-widget elementor-widget-heading\" data-id=\"de5d018\" data-element_type=\"widget\" data-widget_type=\"heading.default\">\n\t\t\t\t\t<p class=\"elementor-heading-title elementor-size-default\">PRODUCTION \/ FACTORY<\/p>\t\t\t\t<\/div>\n\t\t\t\t<div class=\"elementor-element elementor-element-6e52f2c elementor-widget elementor-widget-gallery\" data-id=\"6e52f2c\" data-element_type=\"widget\" data-settings=\"{&quot;columns&quot;:3,&quot;aspect_ratio&quot;:&quot;9:16&quot;,&quot;lazyload&quot;:&quot;yes&quot;,&quot;gallery_layout&quot;:&quot;grid&quot;,&quot;columns_tablet&quot;:2,&quot;columns_mobile&quot;:1,&quot;gap&quot;:{&quot;unit&quot;:&quot;px&quot;,&quot;size&quot;:10,&quot;sizes&quot;:[]},&quot;gap_tablet&quot;:{&quot;unit&quot;:&quot;px&quot;,&quot;size&quot;:10,&quot;sizes&quot;:[]},&quot;gap_mobile&quot;:{&quot;unit&quot;:&quot;px&quot;,&quot;size&quot;:10,&quot;sizes&quot;:[]},&quot;link_to&quot;:&quot;file&quot;,&quot;overlay_background&quot;:&quot;yes&quot;,&quot;content_hover_animation&quot;:&quot;fade-in&quot;}\" data-widget_type=\"gallery.default\">\n\t\t\t\t\t\t\t<div class=\"elementor-gallery__container\">\n\t\t\t\t\t\t\t<a class=\"e-gallery-item elementor-gallery-item elementor-animated-content\" href=\"https:\/\/goldiskele.com\/img\/2025\/09\/imalatimiz-fabrikamiz-gold-iskele-4.webp\" data-elementor-open-lightbox=\"yes\" data-elementor-lightbox-slideshow=\"6e52f2c\" data-elementor-lightbox-title=\"imalatimiz-fabrikamiz-gold-iskele-4\" data-e-action-hash=\"#elementor-action%3Aaction%3Dlightbox%26settings%3DeyJpZCI6MTQ1MywidXJsIjoiaHR0cHM6XC9cL2dvbGRpc2tlbGUuY29tXC9pbWdcLzIwMjVcLzA5XC9pbWFsYXRpbWl6LWZhYnJpa2FtaXotZ29sZC1pc2tlbGUtNC53ZWJwIiwic2xpZGVzaG93IjoiNmU1MmYyYyJ9\">\n\t\t\t\t\t<div class=\"e-gallery-image elementor-gallery-item__image\" data-thumbnail=\"https:\/\/goldiskele.com\/img\/2025\/09\/imalatimiz-fabrikamiz-gold-iskele-4.webp\" data-width=\"1204\" data-height=\"1600\" aria-label=\"\" role=\"img\" ><\/div>\n\t\t\t\t\t\t\t\t\t\t\t<div class=\"elementor-gallery-item__overlay\"><\/div>\n\t\t\t\t\t\t\t\t\t\t\t\t\t\t<\/a>\n\t\t\t\t\t\t\t<a class=\"e-gallery-item elementor-gallery-item elementor-animated-content\" href=\"https:\/\/goldiskele.com\/img\/2025\/09\/imalatimiz-fabrikamiz-gold-iskele-5.webp\" data-elementor-open-lightbox=\"yes\" data-elementor-lightbox-slideshow=\"6e52f2c\" data-elementor-lightbox-title=\"imalatimiz-fabrikamiz-gold-iskele-5\" data-e-action-hash=\"#elementor-action%3Aaction%3Dlightbox%26settings%3DeyJpZCI6MTQ1NCwidXJsIjoiaHR0cHM6XC9cL2dvbGRpc2tlbGUuY29tXC9pbWdcLzIwMjVcLzA5XC9pbWFsYXRpbWl6LWZhYnJpa2FtaXotZ29sZC1pc2tlbGUtNS53ZWJwIiwic2xpZGVzaG93IjoiNmU1MmYyYyJ9\">\n\t\t\t\t\t<div class=\"e-gallery-image elementor-gallery-item__image\" data-thumbnail=\"https:\/\/goldiskele.com\/img\/2025\/09\/imalatimiz-fabrikamiz-gold-iskele-5.webp\" data-width=\"1204\" data-height=\"1600\" aria-label=\"\" role=\"img\" ><\/div>\n\t\t\t\t\t\t\t\t\t\t\t<div class=\"elementor-gallery-item__overlay\"><\/div>\n\t\t\t\t\t\t\t\t\t\t\t\t\t\t<\/a>\n\t\t\t\t\t\t\t<a class=\"e-gallery-item elementor-gallery-item elementor-animated-content\" href=\"https:\/\/goldiskele.com\/img\/2025\/09\/imalatimiz-fabrikamiz-gold-iskele-6.webp\" data-elementor-open-lightbox=\"yes\" data-elementor-lightbox-slideshow=\"6e52f2c\" data-elementor-lightbox-title=\"imalatimiz-fabrikamiz-gold-iskele-6\" data-e-action-hash=\"#elementor-action%3Aaction%3Dlightbox%26settings%3DeyJpZCI6MTQ1NSwidXJsIjoiaHR0cHM6XC9cL2dvbGRpc2tlbGUuY29tXC9pbWdcLzIwMjVcLzA5XC9pbWFsYXRpbWl6LWZhYnJpa2FtaXotZ29sZC1pc2tlbGUtNi53ZWJwIiwic2xpZGVzaG93IjoiNmU1MmYyYyJ9\">\n\t\t\t\t\t<div class=\"e-gallery-image elementor-gallery-item__image\" data-thumbnail=\"https:\/\/goldiskele.com\/img\/2025\/09\/imalatimiz-fabrikamiz-gold-iskele-6.webp\" data-width=\"1125\" data-height=\"1467\" aria-label=\"\" role=\"img\" ><\/div>\n\t\t\t\t\t\t\t\t\t\t\t<div class=\"elementor-gallery-item__overlay\"><\/div>\n\t\t\t\t\t\t\t\t\t\t\t\t\t\t<\/a>\n\t\t\t\t\t\t\t<a class=\"e-gallery-item elementor-gallery-item elementor-animated-content\" href=\"https:\/\/goldiskele.com\/img\/2025\/09\/imalatimiz-fabrikamiz-gold-iskele-7.webp\" data-elementor-open-lightbox=\"yes\" data-elementor-lightbox-slideshow=\"6e52f2c\" data-elementor-lightbox-title=\"imalatimiz-fabrikamiz-gold-iskele-7\" data-e-action-hash=\"#elementor-action%3Aaction%3Dlightbox%26settings%3DeyJpZCI6MTQ1NiwidXJsIjoiaHR0cHM6XC9cL2dvbGRpc2tlbGUuY29tXC9pbWdcLzIwMjVcLzA5XC9pbWFsYXRpbWl6LWZhYnJpa2FtaXotZ29sZC1pc2tlbGUtNy53ZWJwIiwic2xpZGVzaG93IjoiNmU1MmYyYyJ9\">\n\t\t\t\t\t<div class=\"e-gallery-image elementor-gallery-item__image\" data-thumbnail=\"https:\/\/goldiskele.com\/img\/2025\/09\/imalatimiz-fabrikamiz-gold-iskele-7.webp\" data-width=\"1204\" data-height=\"1600\" aria-label=\"\" role=\"img\" ><\/div>\n\t\t\t\t\t\t\t\t\t\t\t<div class=\"elementor-gallery-item__overlay\"><\/div>\n\t\t\t\t\t\t\t\t\t\t\t\t\t\t<\/a>\n\t\t\t\t\t\t\t<a class=\"e-gallery-item elementor-gallery-item elementor-animated-content\" href=\"https:\/\/goldiskele.com\/img\/2025\/09\/imalatimiz-fabrikamiz-gold-iskele-8.webp\" data-elementor-open-lightbox=\"yes\" data-elementor-lightbox-slideshow=\"6e52f2c\" data-elementor-lightbox-title=\"imalatimiz-fabrikamiz-gold-iskele-8\" data-e-action-hash=\"#elementor-action%3Aaction%3Dlightbox%26settings%3DeyJpZCI6MTQ1NywidXJsIjoiaHR0cHM6XC9cL2dvbGRpc2tlbGUuY29tXC9pbWdcLzIwMjVcLzA5XC9pbWFsYXRpbWl6LWZhYnJpa2FtaXotZ29sZC1pc2tlbGUtOC53ZWJwIiwic2xpZGVzaG93IjoiNmU1MmYyYyJ9\">\n\t\t\t\t\t<div class=\"e-gallery-image elementor-gallery-item__image\" data-thumbnail=\"https:\/\/goldiskele.com\/img\/2025\/09\/imalatimiz-fabrikamiz-gold-iskele-8.webp\" data-width=\"1683\" data-height=\"2244\" aria-label=\"\" role=\"img\" ><\/div>\n\t\t\t\t\t\t\t\t\t\t\t<div class=\"elementor-gallery-item__overlay\"><\/div>\n\t\t\t\t\t\t\t\t\t\t\t\t\t\t<\/a>\n\t\t\t\t\t\t\t<a class=\"e-gallery-item elementor-gallery-item elementor-animated-content\" href=\"https:\/\/goldiskele.com\/img\/2025\/09\/imalatimiz-fabrikamiz-gold-iskele-9.webp\" data-elementor-open-lightbox=\"yes\" data-elementor-lightbox-slideshow=\"6e52f2c\" data-elementor-lightbox-title=\"imalatimiz-fabrikamiz-gold-iskele-9\" data-e-action-hash=\"#elementor-action%3Aaction%3Dlightbox%26settings%3DeyJpZCI6MTQ1OCwidXJsIjoiaHR0cHM6XC9cL2dvbGRpc2tlbGUuY29tXC9pbWdcLzIwMjVcLzA5XC9pbWFsYXRpbWl6LWZhYnJpa2FtaXotZ29sZC1pc2tlbGUtOS53ZWJwIiwic2xpZGVzaG93IjoiNmU1MmYyYyJ9\">\n\t\t\t\t\t<div class=\"e-gallery-image elementor-gallery-item__image\" data-thumbnail=\"https:\/\/goldiskele.com\/img\/2025\/09\/imalatimiz-fabrikamiz-gold-iskele-9.webp\" data-width=\"1683\" data-height=\"2524\" aria-label=\"\" role=\"img\" ><\/div>\n\t\t\t\t\t\t\t\t\t\t\t<div class=\"elementor-gallery-item__overlay\"><\/div>\n\t\t\t\t\t\t\t\t\t\t\t\t\t\t<\/a>\n\t\t\t\t\t\t\t<a class=\"e-gallery-item elementor-gallery-item elementor-animated-content\" href=\"https:\/\/goldiskele.com\/img\/2025\/09\/imalatimiz-fabrikamiz-gold-iskele-10.webp\" data-elementor-open-lightbox=\"yes\" data-elementor-lightbox-slideshow=\"6e52f2c\" data-elementor-lightbox-title=\"imalatimiz-fabrikamiz-gold-iskele-10\" data-e-action-hash=\"#elementor-action%3Aaction%3Dlightbox%26settings%3DeyJpZCI6MTQ1OSwidXJsIjoiaHR0cHM6XC9cL2dvbGRpc2tlbGUuY29tXC9pbWdcLzIwMjVcLzA5XC9pbWFsYXRpbWl6LWZhYnJpa2FtaXotZ29sZC1pc2tlbGUtMTAud2VicCIsInNsaWRlc2hvdyI6IjZlNTJmMmMifQ%3D%3D\">\n\t\t\t\t\t<div class=\"e-gallery-image elementor-gallery-item__image\" data-thumbnail=\"https:\/\/goldiskele.com\/img\/2025\/09\/imalatimiz-fabrikamiz-gold-iskele-10.webp\" data-width=\"1683\" data-height=\"2525\" aria-label=\"\" role=\"img\" ><\/div>\n\t\t\t\t\t\t\t\t\t\t\t<div class=\"elementor-gallery-item__overlay\"><\/div>\n\t\t\t\t\t\t\t\t\t\t\t\t\t\t<\/a>\n\t\t\t\t\t\t\t<a class=\"e-gallery-item elementor-gallery-item elementor-animated-content\" href=\"https:\/\/goldiskele.com\/img\/2025\/09\/imalatimiz-fabrikamiz-gold-iskele-1.webp\" data-elementor-open-lightbox=\"yes\" data-elementor-lightbox-slideshow=\"6e52f2c\" data-elementor-lightbox-title=\"imalatimiz-fabrikamiz-gold-iskele-1\" data-e-action-hash=\"#elementor-action%3Aaction%3Dlightbox%26settings%3DeyJpZCI6MTQ2MCwidXJsIjoiaHR0cHM6XC9cL2dvbGRpc2tlbGUuY29tXC9pbWdcLzIwMjVcLzA5XC9pbWFsYXRpbWl6LWZhYnJpa2FtaXotZ29sZC1pc2tlbGUtMS53ZWJwIiwic2xpZGVzaG93IjoiNmU1MmYyYyJ9\">\n\t\t\t\t\t<div class=\"e-gallery-image elementor-gallery-item__image\" data-thumbnail=\"https:\/\/goldiskele.com\/img\/2025\/09\/imalatimiz-fabrikamiz-gold-iskele-1.webp\" data-width=\"1683\" data-height=\"2235\" aria-label=\"\" role=\"img\" ><\/div>\n\t\t\t\t\t\t\t\t\t\t\t<div class=\"elementor-gallery-item__overlay\"><\/div>\n\t\t\t\t\t\t\t\t\t\t\t\t\t\t<\/a>\n\t\t\t\t\t\t\t<a class=\"e-gallery-item elementor-gallery-item elementor-animated-content\" href=\"https:\/\/goldiskele.com\/img\/2025\/09\/imalatimiz-fabrikamiz-gold-iskele-1-1.webp\" data-elementor-open-lightbox=\"yes\" data-elementor-lightbox-slideshow=\"6e52f2c\" data-elementor-lightbox-title=\"imalatimiz-fabrikamiz-gold-iskele-1\" data-e-action-hash=\"#elementor-action%3Aaction%3Dlightbox%26settings%3DeyJpZCI6MTQ2MSwidXJsIjoiaHR0cHM6XC9cL2dvbGRpc2tlbGUuY29tXC9pbWdcLzIwMjVcLzA5XC9pbWFsYXRpbWl6LWZhYnJpa2FtaXotZ29sZC1pc2tlbGUtMS0xLndlYnAiLCJzbGlkZXNob3ciOiI2ZTUyZjJjIn0%3D\">\n\t\t\t\t\t<div class=\"e-gallery-image elementor-gallery-item__image\" data-thumbnail=\"https:\/\/goldiskele.com\/img\/2025\/09\/imalatimiz-fabrikamiz-gold-iskele-1-1.webp\" data-width=\"1204\" data-height=\"1600\" aria-label=\"\" role=\"img\" ><\/div>\n\t\t\t\t\t\t\t\t\t\t\t<div class=\"elementor-gallery-item__overlay\"><\/div>\n\t\t\t\t\t\t\t\t\t\t\t\t\t\t<\/a>\n\t\t\t\t\t\t\t<a class=\"e-gallery-item elementor-gallery-item elementor-animated-content\" href=\"https:\/\/goldiskele.com\/img\/2025\/09\/imalatimiz-fabrikamiz-gold-iskele-2.webp\" data-elementor-open-lightbox=\"yes\" data-elementor-lightbox-slideshow=\"6e52f2c\" data-elementor-lightbox-title=\"imalatimiz-fabrikamiz-gold-iskele-2\" data-e-action-hash=\"#elementor-action%3Aaction%3Dlightbox%26settings%3DeyJpZCI6MTQ2MiwidXJsIjoiaHR0cHM6XC9cL2dvbGRpc2tlbGUuY29tXC9pbWdcLzIwMjVcLzA5XC9pbWFsYXRpbWl6LWZhYnJpa2FtaXotZ29sZC1pc2tlbGUtMi53ZWJwIiwic2xpZGVzaG93IjoiNmU1MmYyYyJ9\">\n\t\t\t\t\t<div class=\"e-gallery-image elementor-gallery-item__image\" data-thumbnail=\"https:\/\/goldiskele.com\/img\/2025\/09\/imalatimiz-fabrikamiz-gold-iskele-2.webp\" data-width=\"1204\" data-height=\"1600\" aria-label=\"\" role=\"img\" ><\/div>\n\t\t\t\t\t\t\t\t\t\t\t<div class=\"elementor-gallery-item__overlay\"><\/div>\n\t\t\t\t\t\t\t\t\t\t\t\t\t\t<\/a>\n\t\t\t\t\t\t\t<a class=\"e-gallery-item elementor-gallery-item elementor-animated-content\" href=\"https:\/\/goldiskele.com\/img\/2025\/09\/imalatimiz-fabrikamiz-gold-iskele-3.webp\" data-elementor-open-lightbox=\"yes\" data-elementor-lightbox-slideshow=\"6e52f2c\" data-elementor-lightbox-title=\"imalatimiz-fabrikamiz-gold-iskele-3\" data-e-action-hash=\"#elementor-action%3Aaction%3Dlightbox%26settings%3DeyJpZCI6MTQ2MywidXJsIjoiaHR0cHM6XC9cL2dvbGRpc2tlbGUuY29tXC9pbWdcLzIwMjVcLzA5XC9pbWFsYXRpbWl6LWZhYnJpa2FtaXotZ29sZC1pc2tlbGUtMy53ZWJwIiwic2xpZGVzaG93IjoiNmU1MmYyYyJ9\">\n\t\t\t\t\t<div class=\"e-gallery-image elementor-gallery-item__image\" data-thumbnail=\"https:\/\/goldiskele.com\/img\/2025\/09\/imalatimiz-fabrikamiz-gold-iskele-3.webp\" data-width=\"1204\" data-height=\"1600\" aria-label=\"\" role=\"img\" ><\/div>\n\t\t\t\t\t\t\t\t\t\t\t<div class=\"elementor-gallery-item__overlay\"><\/div>\n\t\t\t\t\t\t\t\t\t\t\t\t\t\t<\/a>\n\t\t\t\t\t<\/div>\n\t\t\t\t\t<\/div>\n\t\t\t\t\t<\/div>\n\t\t\t\t<\/div>\n\t\t\t\t<\/div>","protected":false},"excerpt":{"rendered":"<p>Biz Kimiz? Gold \u0130skele olarak, in\u015faat sekt\u00f6r\u00fcne g\u00fcvenli, dayan\u0131kl\u0131 ve uluslararas\u0131 standartlara uygun iskele \u00e7\u00f6z\u00fcmleri sunuyoruz. Modern \u00fcretim tesisimizde, k\u00fc\u00e7\u00fck \u00f6l\u00e7ekli projelerden b\u00fcy\u00fck altyap\u0131 yat\u0131r\u0131mlar\u0131na kadar her ihtiyaca y\u00f6nelik iskele sistemleri \u00fcretiyoruz. Yenilik\u00e7i yakla\u015f\u0131m\u0131m\u0131z ve g\u00fc\u00e7l\u00fc m\u00fchendislik altyap\u0131m\u0131zla, projelerinize hem g\u00fcven hem de verimlilik kat\u0131yoruz. Alan\u0131nda uzman, deneyimli ve dinamik ekibimizle m\u00fc\u015fterilerimize yaln\u0131zca \u00fcr\u00fcn de\u011fil, [&hellip;]<\/p>","protected":false},"author":1,"featured_media":0,"parent":0,"menu_order":0,"comment_status":"closed","ping_status":"closed","template":"","meta":{"footnotes":""},"class_list":["post-462","page","type-page","status-publish","hentry"],"_links":{"self":[{"href":"https:\/\/goldiskele.com\/en\/wp-json\/wp\/v2\/pages\/462","targetHints":{"allow":["GET"]}}],"collection":[{"href":"https:\/\/goldiskele.com\/en\/wp-json\/wp\/v2\/pages"}],"about":[{"href":"https:\/\/goldiskele.com\/en\/wp-json\/wp\/v2\/types\/page"}],"author":[{"embeddable":true,"href":"https:\/\/goldiskele.com\/en\/wp-json\/wp\/v2\/users\/1"}],"replies":[{"embeddable":true,"href":"https:\/\/goldiskele.com\/en\/wp-json\/wp\/v2\/comments?post=462"}],"version-history":[{"count":62,"href":"https:\/\/goldiskele.com\/en\/wp-json\/wp\/v2\/pages\/462\/revisions"}],"predecessor-version":[{"id":1793,"href":"https:\/\/goldiskele.com\/en\/wp-json\/wp\/v2\/pages\/462\/revisions\/1793"}],"wp:attachment":[{"href":"https:\/\/goldiskele.com\/en\/wp-json\/wp\/v2\/media?parent=462"}],"curies":[{"name":"wp","href":"https:\/\/api.w.org\/{rel}","templated":true}]}}