{"id":17,"date":"2025-08-13T01:47:16","date_gmt":"2025-08-12T22:47:16","guid":{"rendered":"https:\/\/goldiskele.com\/?page_id=17"},"modified":"2026-01-13T16:56:37","modified_gmt":"2026-01-13T13:56:37","slug":"anasayfa","status":"publish","type":"page","link":"https:\/\/goldiskele.com\/en\/","title":{"rendered":"Home"},"content":{"rendered":"<div data-elementor-type=\"wp-page\" data-elementor-id=\"17\" class=\"elementor elementor-17\" data-elementor-post-type=\"page\">\n\t\t\t\t<div class=\"elementor-element elementor-element-c945b49 e-con-full e-flex e-con e-parent\" data-id=\"c945b49\" data-element_type=\"container\" data-settings=\"{&quot;background_background&quot;:&quot;slideshow&quot;,&quot;motion_fx_motion_fx_scrolling&quot;:&quot;yes&quot;,&quot;background_slideshow_gallery&quot;:[{&quot;id&quot;:1423,&quot;url&quot;:&quot;https:\\\/\\\/goldiskele.com\\\/img\\\/2025\\\/09\\\/slider1-gold-1.webp&quot;},{&quot;id&quot;:1810,&quot;url&quot;:&quot;https:\\\/\\\/goldiskele.com\\\/img\\\/2025\\\/09\\\/slider2cc.webp&quot;}],&quot;background_slideshow_loop&quot;:&quot;yes&quot;,&quot;background_slideshow_slide_duration&quot;:5000,&quot;background_slideshow_slide_transition&quot;:&quot;fade&quot;,&quot;background_slideshow_transition_duration&quot;:500,&quot;motion_fx_devices&quot;:[&quot;desktop&quot;,&quot;tablet&quot;,&quot;mobile&quot;]}\">\n\t\t<div class=\"elementor-element elementor-element-2f249f9 e-con-full e-flex e-con e-child\" data-id=\"2f249f9\" data-element_type=\"container\">\n\t\t<div class=\"elementor-element elementor-element-650e83b e-con-full e-flex e-con e-child\" data-id=\"650e83b\" data-element_type=\"container\">\n\t\t<div class=\"elementor-element elementor-element-d4c7bbb e-con-full e-flex e-con e-child\" data-id=\"d4c7bbb\" data-element_type=\"container\">\n\t\t<div class=\"elementor-element elementor-element-edd7c5a e-con-full e-flex e-con e-child\" data-id=\"edd7c5a\" data-element_type=\"container\" data-settings=\"{&quot;background_background&quot;:&quot;classic&quot;}\">\n\t\t\t\t<div class=\"elementor-element elementor-element-e4d93c1 elementor-widget elementor-widget-icon-box\" data-id=\"e4d93c1\" data-element_type=\"widget\" data-widget_type=\"icon-box.default\">\n\t\t\t\t\t\t\t<div class=\"elementor-icon-box-wrapper\">\n\n\t\t\t\n\t\t\t\t\t\t<div class=\"elementor-icon-box-content\">\n\n\t\t\t\t\t\t\t\t\t<h3 class=\"elementor-icon-box-title\">\n\t\t\t\t\t\t<span  >\n\t\t\t\t\t\t\tFor More Information\t\t\t\t\t\t<\/span>\n\t\t\t\t\t<\/h3>\n\t\t\t\t\n\t\t\t\t\t\t\t\t\t<p class=\"elementor-icon-box-description\">\n\t\t\t\t\t\tGet Free Support\t\t\t\t\t<\/p>\n\t\t\t\t\n\t\t\t<\/div>\n\t\t\t\n\t\t<\/div>\n\t\t\t\t\t\t<\/div>\n\t\t\t\t<div class=\"elementor-element elementor-element-58a3b15 elementor-align-justify elementor-widget elementor-widget-button\" data-id=\"58a3b15\" data-element_type=\"widget\" data-widget_type=\"button.default\">\n\t\t\t\t\t\t\t\t\t\t<a class=\"elementor-button elementor-button-link elementor-size-sm\" href=\"#elementor-action%3Aaction%3Dpopup%3Aopen%26settings%3DeyJpZCI6IjE2MzUiLCJ0b2dnbGUiOmZhbHNlfQ%3D%3D\" target=\"_blank\">\n\t\t\t\t\t\t<span class=\"elementor-button-content-wrapper\">\n\t\t\t\t\t\t<span class=\"elementor-button-icon\">\n\t\t\t\t<svg aria-hidden=\"true\" class=\"e-font-icon-svg e-far-calendar-alt\" viewbox=\"0 0 448 512\" xmlns=\"http:\/\/www.w3.org\/2000\/svg\"><path d=\"M148 288h-40c-6.6 0-12-5.4-12-12v-40c0-6.6 5.4-12 12-12h40c6.6 0 12 5.4 12 12v40c0 6.6-5.4 12-12 12zm108-12v-40c0-6.6-5.4-12-12-12h-40c-6.6 0-12 5.4-12 12v40c0 6.6 5.4 12 12 12h40c6.6 0 12-5.4 12-12zm96 0v-40c0-6.6-5.4-12-12-12h-40c-6.6 0-12 5.4-12 12v40c0 6.6 5.4 12 12 12h40c6.6 0 12-5.4 12-12zm-96 96v-40c0-6.6-5.4-12-12-12h-40c-6.6 0-12 5.4-12 12v40c0 6.6 5.4 12 12 12h40c6.6 0 12-5.4 12-12zm-96 0v-40c0-6.6-5.4-12-12-12h-40c-6.6 0-12 5.4-12 12v40c0 6.6 5.4 12 12 12h40c6.6 0 12-5.4 12-12zm192 0v-40c0-6.6-5.4-12-12-12h-40c-6.6 0-12 5.4-12 12v40c0 6.6 5.4 12 12 12h40c6.6 0 12-5.4 12-12zm96-260v352c0 26.5-21.5 48-48 48H48c-26.5 0-48-21.5-48-48V112c0-26.5 21.5-48 48-48h48V12c0-6.6 5.4-12 12-12h40c6.6 0 12 5.4 12 12v52h128V12c0-6.6 5.4-12 12-12h40c6.6 0 12 5.4 12 12v52h48c26.5 0 48 21.5 48 48zm-48 346V160H48v298c0 3.3 2.7 6 6 6h340c3.3 0 6-2.7 6-6z\"><\/path><\/svg>\t\t\t<\/span>\n\t\t\t\t\t\t\t\t\t<span class=\"elementor-button-text\">Let Us Call You Immediately<\/span>\n\t\t\t\t\t<\/span>\n\t\t\t\t\t<\/a>\n\t\t\t\t\t\t\t\t<\/div>\n\t\t\t\t<\/div>\n\t\t\t\t<div class=\"elementor-element elementor-element-b28e47b elementor-widget elementor-widget-html\" data-id=\"b28e47b\" data-element_type=\"widget\" data-widget_type=\"html.default\">\n\t\t\t\t\t<!-- Font Awesome CDN -->\r\n<link rel=\"stylesheet\" href=\"https:\/\/cdnjs.cloudflare.com\/ajax\/libs\/font-awesome\/6.5.0\/css\/all.min.css\" crossorigin=\"anonymous\">\r\n\r\n<!-- Buton ve Metin -->\r\n<h2 style=\"font-size:.6875rem; font-weight:400; line-height:140%; letter-spacing:-.00825rem; color:#ffffffa6; margin:0; display:flex; align-items:center; gap:6px;\">\r\n  To Reach Us Faster;\r\n  <a href=\"https:\/\/wa.me\/905330459026\" target=\"_blank\" class=\"whatsapp-btn\">\r\n    <i class=\"fab fa-whatsapp\"><\/i>\r\n    <span>Get in Touch with Our Team<\/span>\r\n  <\/a>\r\n<\/h2>\r\n\r\n<style>\r\n  \/* Buton Container *\/\r\n  .whatsapp-btn {\r\n    display: inline-flex;\r\n    align-items: center;\r\n    gap: 0px;\r\n    padding: 4px 8px;\r\n    border-radius: 0px;\r\n    text-decoration: none;\r\n    font-size: .75rem;\r\n    font-weight: 500;\r\n    color: #fff;\r\n    position: relative;\r\n    overflow: hidden;\r\n    transition: all 0.3s ease;\r\n    background: transparent;\r\n    white-space: nowrap;\r\n  }\r\n\r\n  \/* Gradient Arka Plan (Span i\u00e7in) *\/\r\n  .whatsapp-btn span {\r\n   color: #ffffff;\r\n    background-size: 200% 100%;\r\n    padding: 6px 10px;\r\n    border-radius: 18px;\r\n    position: relative;\r\n    z-index: 1;\r\n    transition: all 0.3s ease;\r\n  }\r\n\r\n  \/* WhatsApp \u0130konu - Beyaz *\/\r\n  .whatsapp-btn .fab {\r\n    color: #ffffff;\r\n    font-size: 14px;\r\n    z-index: 1;\r\n  }\r\n\r\n  \/* Modern Cam I\u015f\u0131\u011f\u0131 (Flash \/ Shine Efekti) *\/\r\n  .whatsapp-btn::before {\r\n    content: '';\r\n    position: absolute;\r\n    top: 0;\r\n    left: -100%;\r\n    width: 60%;\r\n    height: 100%;\r\n    background: linear-gradient(\r\n      90deg,\r\n      rgba(255, 255, 255, 0) 0%,\r\n      rgba(255, 255, 255, 0.3) 50%,\r\n      rgba(255, 255, 255, 0.1) 80%,\r\n      rgba(255, 255, 255, 0) 100%\r\n    );\r\n    transform: skewX(-25deg);\r\n    transition: left 0.6s ease;\r\n    z-index: 0;\r\n  }\r\n\r\n  \/* Hover: I\u015f\u0131k h\u0131zla ge\u00e7er (flash) *\/\r\n  .whatsapp-btn:hover::before {\r\n    left: 120%;\r\n  }\r\n\r\n  \/* Hover: Gradient hareketli hale gelir *\/\r\n  .whatsapp-btn:hover span {\r\n    background-position: 100% 0;\r\n  }\r\n\r\n  \/* Hafif y\u00fckselme efekti (\u00e7ok ince) *\/\r\n  .whatsapp-btn:hover {\r\n    transform: translateY(-1px);\r\n    box-shadow: 0 4px 12px rgba(0, 0, 0, 0.2);\r\n  }\r\n<\/style>\t\t\t\t<\/div>\n\t\t\t\t<\/div>\n\t\t<div class=\"elementor-element elementor-element-fc2049a e-con-full e-flex e-con e-child\" data-id=\"fc2049a\" data-element_type=\"container\">\n\t\t<div class=\"elementor-element elementor-element-979d448 e-con-full e-flex e-con e-child\" data-id=\"979d448\" data-element_type=\"container\">\n\t\t\t\t<div class=\"elementor-element elementor-element-839ce20 elementor-headline--style-rotate elementor-widget elementor-widget-animated-headline\" data-id=\"839ce20\" data-element_type=\"widget\" data-settings=\"{&quot;headline_style&quot;:&quot;rotate&quot;,&quot;animation_type&quot;:&quot;swirl&quot;,&quot;rotating_text&quot;:&quot;Kaliteli \\u0130skele\\nG\\u00fcvenlikli \\u0130skele\\nDayan\\u0131kl\\u0131 Sistemler\\nUygun Fiyat&quot;,&quot;loop&quot;:&quot;yes&quot;,&quot;rotate_iteration_delay&quot;:2500}\" data-widget_type=\"animated-headline.default\">\n\t\t\t\t\t\t\t<h3 class=\"elementor-headline elementor-headline-animation-type-swirl elementor-headline-letters\">\n\t\t\t\t\t<span class=\"elementor-headline-plain-text elementor-headline-text-wrapper\">Directly from the Producer<\/span>\n\t\t\t\t<span class=\"elementor-headline-dynamic-wrapper elementor-headline-text-wrapper\">\n\t\t\t\t\t<span class=\"elementor-headline-dynamic-text elementor-headline-text-active\">\n\t\t\t\tQuality Scaffolding\t\t\t<\/span>\n\t\t\t\t\t<span class=\"elementor-headline-dynamic-text\">\n\t\t\t\tSecure Scaffolding\t\t\t<\/span>\n\t\t\t\t\t<span class=\"elementor-headline-dynamic-text\">\n\t\t\t\tReliable Systems\t\t\t<\/span>\n\t\t\t\t\t<span class=\"elementor-headline-dynamic-text\">\n\t\t\t\tReasonable Price\t\t\t<\/span>\n\t\t\t\t\t\t<\/span>\n\t\t\t\t<\/h3>\n\t\t\t\t\t\t<\/div>\n\t\t\t\t<\/div>\n\t\t\t\t<div class=\"elementor-element elementor-element-9d72eb2 elementor-widget elementor-widget-heading\" data-id=\"9d72eb2\" data-element_type=\"widget\" data-widget_type=\"heading.default\">\n\t\t\t\t\t<h2 class=\"elementor-heading-title elementor-size-default\">From Production to Site, Safety and Quality at Every Step \ud83c\uddf9\ud83c\uddf7\n<\/h2>\t\t\t\t<\/div>\n\t\t\t\t<\/div>\n\t\t\t\t<\/div>\n\t\t\t\t<\/div>\n\t\t\t\t<\/div>\n\t\t<div class=\"elementor-element elementor-element-4b5554a e-con-full e-flex e-con e-parent\" data-id=\"4b5554a\" data-element_type=\"container\" data-settings=\"{&quot;background_background&quot;:&quot;gradient&quot;}\">\n\t\t\t\t<div class=\"elementor-element elementor-element-5b1a1e6 elementor-widget elementor-widget-html\" data-id=\"5b1a1e6\" data-element_type=\"widget\" data-widget_type=\"html.default\">\n\t\t\t\t\t<div style=\"width: 100%; overflow: hidden;\">\r\n  <marquee behavior=\"scroll\" direction=\"left\" scrollamount=\"6\" loop=\"-1\" style=\"font-family: Poppins, sans-serif; font-size: 14px; font-weight: 400; color: #ffffff;\">\r\n    \r\n    <span class=\"highlight\">Gold Scaffold<\/span>With the understanding of \u201cQuality Products, Perfect Service\u201d \u2022 Production, <span class=\"highlight\">Rental<\/span>Sales and Project Planning Services \u2022 High Production Capacity and <span class=\"highlight\">Extensive Product Inventory<\/span> &nbsp;&nbsp;&nbsp;\u2022&nbsp;&nbsp;&nbsp;\r\n    <span class=\"highlight\">Right Product<\/span> and <span class=\"highlight\">Affordable Price<\/span> Policy \u2022 Prioritizing Human Safety <span class=\"highlight\">Safe Scaffolding<\/span> Solutions \u2022 Experienced <span class=\"highlight\">Technical Staff<\/span> and Project Planning Support \u2022 Never Compromising on Quality <span class=\"highlight\">Uncompromising<\/span> Production Approach \u2022 \n  The Best for the Construction Industry <span class=\"highlight\">Practical<\/span> and <span class=\"highlight\">Well-Equipped<\/span> Products \u2022 Drawing Strength From <span class=\"highlight\">Manufacturer<\/span> Brand Derived from Its Identity \u2022 The Name of Trust in Scaffolding: <span class=\"highlight\">Gold Scaffold<\/span>\r\n    \r\n  <\/marquee>\r\n<\/div>\r\n\r\n<style>\r\n  .highlight {\r\n    background: rgba(255, 255, 255, 0.15); \/* \u015eeffaf beyaz vurgulu *\/\r\n    color: #fff;\r\n    padding: 4px 10px;\r\n    border-radius: 20px;\r\n    font-weight: 600;\r\n    display: inline-block;\r\n  }\r\n<\/style>\r\n\t\t\t\t<\/div>\n\t\t\t\t<\/div>\n\t\t<div class=\"elementor-element elementor-element-479e622 e-con-full e-flex e-con e-child\" data-id=\"479e622\" data-element_type=\"container\" data-settings=\"{&quot;background_background&quot;:&quot;classic&quot;}\">\n\t\t\t\t<div class=\"elementor-element elementor-element-3a528e5 elementor-widget elementor-widget-heading\" data-id=\"3a528e5\" data-element_type=\"widget\" data-widget_type=\"heading.default\">\n\t\t\t\t\t<h2 class=\"elementor-heading-title elementor-size-default\">Our Safe Scaffolding Types<\/h2>\t\t\t\t<\/div>\n\t\t\t\t<div class=\"elementor-element elementor-element-de293ca elementor-widget elementor-widget-text-editor\" data-id=\"de293ca\" data-element_type=\"widget\" data-widget_type=\"text-editor.default\">\n\t\t\t\t\t\t\t\t\t<h5><strong>Gold \u0130skele, <\/strong>Operating with the philosophy of \u201cQuality Products, Perfect Service,\u201d it provides customers with solutions at every stage through production, rental, sales, project planning, logistics, and service.<\/h5>\t\t\t\t\t\t\t\t<\/div>\n\t\t<div class=\"elementor-element elementor-element-1e471ea e-con-full e-flex e-con e-child\" data-id=\"1e471ea\" data-element_type=\"container\">\n\t\t<div class=\"elementor-element elementor-element-2568c02 e-con-full e-flex e-con e-child\" data-id=\"2568c02\" data-element_type=\"container\">\n\t\t\t\t<div class=\"elementor-element elementor-element-7ee1987 elementor-widget elementor-widget-image\" data-id=\"7ee1987\" data-element_type=\"widget\" data-widget_type=\"image.default\">\n\t\t\t\t\t\t\t\t\t\t\t\t\t\t\t\t<a href=\"https:\/\/goldiskele.com\/en\/h-type-scaffolding\/\">\n\t\t\t\t\t\t\t<img fetchpriority=\"high\" decoding=\"async\" width=\"775\" height=\"470\" src=\"https:\/\/goldiskele.com\/img\/2025\/08\/h-tipi-iskele-1.webp\" class=\"attachment-full size-full wp-image-1350\" alt=\"\" srcset=\"https:\/\/goldiskele.com\/img\/2025\/08\/h-tipi-iskele-1.webp 775w, https:\/\/goldiskele.com\/img\/2025\/08\/h-tipi-iskele-1-300x182.webp 300w, https:\/\/goldiskele.com\/img\/2025\/08\/h-tipi-iskele-1-768x466.webp 768w, https:\/\/goldiskele.com\/img\/2025\/08\/h-tipi-iskele-1-18x12.webp 18w\" sizes=\"(max-width: 775px) 100vw, 775px\" \/>\t\t\t\t\t\t\t\t<\/a>\n\t\t\t\t\t\t\t\t\t\t\t\t\t\t\t<\/div>\n\t\t\t\t<div class=\"elementor-element elementor-element-4ff4671 elementor-align-justify elementor-widget elementor-widget-button\" data-id=\"4ff4671\" data-element_type=\"widget\" data-widget_type=\"button.default\">\n\t\t\t\t\t\t\t\t\t\t<a class=\"elementor-button elementor-button-link elementor-size-sm\" href=\"https:\/\/goldiskele.com\/en\/h-type-scaffolding\/\">\n\t\t\t\t\t\t<span class=\"elementor-button-content-wrapper\">\n\t\t\t\t\t\t\t\t\t<span class=\"elementor-button-text\">H Type Scaffolding<\/span>\n\t\t\t\t\t<\/span>\n\t\t\t\t\t<\/a>\n\t\t\t\t\t\t\t\t<\/div>\n\t\t\t\t<div class=\"elementor-element elementor-element-1801de0 elementor-widget elementor-widget-text-editor\" data-id=\"1801de0\" data-element_type=\"widget\" data-widget_type=\"text-editor.default\">\n\t\t\t\t\t\t\t\t\t<p>H type safe scaffolding is one of the systems preferred especially in high-rise projects.<\/p>\t\t\t\t\t\t\t\t<\/div>\n\t\t\t\t<\/div>\n\t\t<div class=\"elementor-element elementor-element-8746b6b e-con-full e-flex e-con e-child\" data-id=\"8746b6b\" data-element_type=\"container\">\n\t\t\t\t<div class=\"elementor-element elementor-element-874b294 elementor-widget elementor-widget-image\" data-id=\"874b294\" data-element_type=\"widget\" data-widget_type=\"image.default\">\n\t\t\t\t\t\t\t\t\t\t\t\t\t\t\t\t<a href=\"https:\/\/goldiskele.com\/en\/flanged-scaffolding\/\">\n\t\t\t\t\t\t\t<img decoding=\"async\" width=\"800\" height=\"600\" src=\"https:\/\/goldiskele.com\/img\/2025\/08\/flansli-iskele-1a.webp\" class=\"attachment-full size-full wp-image-1351\" alt=\"\" srcset=\"https:\/\/goldiskele.com\/img\/2025\/08\/flansli-iskele-1a.webp 800w, https:\/\/goldiskele.com\/img\/2025\/08\/flansli-iskele-1a-300x225.webp 300w, https:\/\/goldiskele.com\/img\/2025\/08\/flansli-iskele-1a-768x576.webp 768w, https:\/\/goldiskele.com\/img\/2025\/08\/flansli-iskele-1a-16x12.webp 16w\" sizes=\"(max-width: 800px) 100vw, 800px\" \/>\t\t\t\t\t\t\t\t<\/a>\n\t\t\t\t\t\t\t\t\t\t\t\t\t\t\t<\/div>\n\t\t\t\t<div class=\"elementor-element elementor-element-6860029 elementor-align-justify elementor-widget elementor-widget-button\" data-id=\"6860029\" data-element_type=\"widget\" data-widget_type=\"button.default\">\n\t\t\t\t\t\t\t\t\t\t<a class=\"elementor-button elementor-button-link elementor-size-sm\" href=\"https:\/\/goldiskele.com\/en\/flanged-scaffolding\/\">\n\t\t\t\t\t\t<span class=\"elementor-button-content-wrapper\">\n\t\t\t\t\t\t\t\t\t<span class=\"elementor-button-text\">Flanged Scaffolding<\/span>\n\t\t\t\t\t<\/span>\n\t\t\t\t\t<\/a>\n\t\t\t\t\t\t\t\t<\/div>\n\t\t\t\t<div class=\"elementor-element elementor-element-c016bc5 elementor-widget elementor-widget-text-editor\" data-id=\"c016bc5\" data-element_type=\"widget\" data-widget_type=\"text-editor.default\">\n\t\t\t\t\t\t\t\t\t<p data-start=\"1141\" data-end=\"1226\">Flanged scaffolding systems easily adapt to different projects with their flexible use.<\/p>\t\t\t\t\t\t\t\t<\/div>\n\t\t\t\t<\/div>\n\t\t<div class=\"elementor-element elementor-element-03bb255 e-con-full e-flex e-con e-child\" data-id=\"03bb255\" data-element_type=\"container\">\n\t\t\t\t<div class=\"elementor-element elementor-element-d12ab0e elementor-widget elementor-widget-image\" data-id=\"d12ab0e\" data-element_type=\"widget\" data-widget_type=\"image.default\">\n\t\t\t\t\t\t\t\t\t\t\t\t\t\t\t\t<a href=\"https:\/\/goldiskele.com\/en\/mobile-wheeled-scaffolding\/\">\n\t\t\t\t\t\t\t<img decoding=\"async\" width=\"800\" height=\"500\" src=\"https:\/\/goldiskele.com\/img\/2025\/08\/mobil-tekerlekli-iskele-1a.webp\" class=\"attachment-full size-full wp-image-1353\" alt=\"\" srcset=\"https:\/\/goldiskele.com\/img\/2025\/08\/mobil-tekerlekli-iskele-1a.webp 800w, https:\/\/goldiskele.com\/img\/2025\/08\/mobil-tekerlekli-iskele-1a-300x188.webp 300w, https:\/\/goldiskele.com\/img\/2025\/08\/mobil-tekerlekli-iskele-1a-768x480.webp 768w, https:\/\/goldiskele.com\/img\/2025\/08\/mobil-tekerlekli-iskele-1a-18x12.webp 18w\" sizes=\"(max-width: 800px) 100vw, 800px\" \/>\t\t\t\t\t\t\t\t<\/a>\n\t\t\t\t\t\t\t\t\t\t\t\t\t\t\t<\/div>\n\t\t\t\t<div class=\"elementor-element elementor-element-6562a22 elementor-align-justify elementor-widget elementor-widget-button\" data-id=\"6562a22\" data-element_type=\"widget\" data-widget_type=\"button.default\">\n\t\t\t\t\t\t\t\t\t\t<a class=\"elementor-button elementor-button-link elementor-size-sm\" href=\"https:\/\/goldiskele.com\/en\/mobile-wheeled-scaffolding\/\">\n\t\t\t\t\t\t<span class=\"elementor-button-content-wrapper\">\n\t\t\t\t\t\t\t\t\t<span class=\"elementor-button-text\">Mobile Wheeled Scaffolding<\/span>\n\t\t\t\t\t<\/span>\n\t\t\t\t\t<\/a>\n\t\t\t\t\t\t\t\t<\/div>\n\t\t\t\t<div class=\"elementor-element elementor-element-e21b4ea elementor-widget elementor-widget-text-editor\" data-id=\"e21b4ea\" data-element_type=\"widget\" data-widget_type=\"text-editor.default\">\n\t\t\t\t\t\t\t\t\t<p data-start=\"1561\" data-end=\"1657\">Mobile wheeled scaffolding is the most <strong data-start=\"1608\" data-end=\"1635\">practical solution<\/strong> for tasks that require quick mobility.<\/p>\t\t\t\t\t\t\t\t<\/div>\n\t\t\t\t<\/div>\n\t\t<div class=\"elementor-element elementor-element-2193f9a e-con-full e-flex e-con e-child\" data-id=\"2193f9a\" data-element_type=\"container\">\n\t\t\t\t<div class=\"elementor-element elementor-element-8183d62 elementor-widget elementor-widget-image\" data-id=\"8183d62\" data-element_type=\"widget\" data-widget_type=\"image.default\">\n\t\t\t\t\t\t\t\t\t\t\t\t\t\t\t\t<a href=\"https:\/\/goldiskele.com\/en\/scaffolding-accessories\/\">\n\t\t\t\t\t\t\t<img loading=\"lazy\" decoding=\"async\" width=\"1536\" height=\"2040\" src=\"https:\/\/goldiskele.com\/img\/2025\/09\/iskele-aksesuarlari.webp\" class=\"attachment-full size-full wp-image-1472\" alt=\"\" srcset=\"https:\/\/goldiskele.com\/img\/2025\/09\/iskele-aksesuarlari.webp 1536w, https:\/\/goldiskele.com\/img\/2025\/09\/iskele-aksesuarlari-226x300.webp 226w, https:\/\/goldiskele.com\/img\/2025\/09\/iskele-aksesuarlari-771x1024.webp 771w, https:\/\/goldiskele.com\/img\/2025\/09\/iskele-aksesuarlari-768x1020.webp 768w, https:\/\/goldiskele.com\/img\/2025\/09\/iskele-aksesuarlari-1157x1536.webp 1157w, https:\/\/goldiskele.com\/img\/2025\/09\/iskele-aksesuarlari-9x12.webp 9w\" sizes=\"(max-width: 1536px) 100vw, 1536px\" \/>\t\t\t\t\t\t\t\t<\/a>\n\t\t\t\t\t\t\t\t\t\t\t\t\t\t\t<\/div>\n\t\t\t\t<div class=\"elementor-element elementor-element-0b8c947 elementor-align-justify elementor-widget elementor-widget-button\" data-id=\"0b8c947\" data-element_type=\"widget\" data-widget_type=\"button.default\">\n\t\t\t\t\t\t\t\t\t\t<a class=\"elementor-button elementor-button-link elementor-size-sm\" href=\"https:\/\/goldiskele.com\/en\/scaffolding-accessories\/\">\n\t\t\t\t\t\t<span class=\"elementor-button-content-wrapper\">\n\t\t\t\t\t\t\t\t\t<span class=\"elementor-button-text\">Scaffolding Accessories<\/span>\n\t\t\t\t\t<\/span>\n\t\t\t\t\t<\/a>\n\t\t\t\t\t\t\t\t<\/div>\n\t\t\t\t<div class=\"elementor-element elementor-element-a413bc5 elementor-widget elementor-widget-text-editor\" data-id=\"a413bc5\" data-element_type=\"widget\" data-widget_type=\"text-editor.default\">\n\t\t\t\t\t\t\t\t\t<p data-start=\"1937\" data-end=\"2008\">The most important element that completes a scaffolding system is the right accessories.<\/p>\t\t\t\t\t\t\t\t<\/div>\n\t\t\t\t<\/div>\n\t\t\t\t<\/div>\n\t\t\t\t<\/div>\n\t\t\t\t<\/div>","protected":false},"excerpt":{"rendered":"<p>Daha fazla bilgi almak i\u00e7in \u00dccretsiz destek al\u0131n Hemen Sizi Arayal\u0131m Daha h\u0131zl\u0131 bize ula\u015fmak i\u00e7in; Ekibimizle ileti\u015fime ge\u00e7in Do\u011frudan \u00dcreticiden Kaliteli&nbsp;\u0130skele G\u00fcvenlikli&nbsp;\u0130skele Dayan\u0131kl\u0131&nbsp;Sistemler Uygun&nbsp;Fiyat \u00dcretimden Sahaya, Her Ad\u0131mda G\u00fcvenlik ve Kalite &#x1F1F9;&#x1F1F7; Gold \u0130skele, \u201cKaliteli \u00dcr\u00fcn, Kusursuz Hizmet\u201d anlay\u0131\u015f\u0131yla &nbsp;&nbsp;&nbsp;\u2022&nbsp;&nbsp;&nbsp; \u00dcretim, kiralama, sat\u0131\u015f ve projelendirme hizmetleri &nbsp;&nbsp;&nbsp;\u2022&nbsp;&nbsp;&nbsp; Y\u00fcksek \u00fcretim kapasitesi ve geni\u015f \u00fcr\u00fcn stoku [&hellip;]<\/p>","protected":false},"author":1,"featured_media":0,"parent":0,"menu_order":0,"comment_status":"closed","ping_status":"closed","template":"","meta":{"footnotes":""},"class_list":["post-17","page","type-page","status-publish","hentry"],"_links":{"self":[{"href":"https:\/\/goldiskele.com\/en\/wp-json\/wp\/v2\/pages\/17","targetHints":{"allow":["GET"]}}],"collection":[{"href":"https:\/\/goldiskele.com\/en\/wp-json\/wp\/v2\/pages"}],"about":[{"href":"https:\/\/goldiskele.com\/en\/wp-json\/wp\/v2\/types\/page"}],"author":[{"embeddable":true,"href":"https:\/\/goldiskele.com\/en\/wp-json\/wp\/v2\/users\/1"}],"replies":[{"embeddable":true,"href":"https:\/\/goldiskele.com\/en\/wp-json\/wp\/v2\/comments?post=17"}],"version-history":[{"count":391,"href":"https:\/\/goldiskele.com\/en\/wp-json\/wp\/v2\/pages\/17\/revisions"}],"predecessor-version":[{"id":1934,"href":"https:\/\/goldiskele.com\/en\/wp-json\/wp\/v2\/pages\/17\/revisions\/1934"}],"wp:attachment":[{"href":"https:\/\/goldiskele.com\/en\/wp-json\/wp\/v2\/media?parent=17"}],"curies":[{"name":"wp","href":"https:\/\/api.w.org\/{rel}","templated":true}]}}