{"id":1493,"date":"2025-09-16T17:46:29","date_gmt":"2025-09-16T14:46:29","guid":{"rendered":"https:\/\/goldiskele.com\/?page_id=1493"},"modified":"2025-09-17T14:48:41","modified_gmt":"2025-09-17T11:48:41","slug":"mobil-tekerlekli-iskele","status":"publish","type":"page","link":"https:\/\/goldiskele.com\/en\/mobile-wheeled-scaffolding\/","title":{"rendered":"Mobile Wheeled Scaffolding"},"content":{"rendered":"<div data-elementor-type=\"wp-page\" data-elementor-id=\"1493\" class=\"elementor elementor-1493\" data-elementor-post-type=\"page\">\n\t\t\t\t<div class=\"elementor-element elementor-element-5198f1b e-con-full e-flex e-con e-parent\" data-id=\"5198f1b\" data-element_type=\"container\" data-settings=\"{&quot;background_background&quot;:&quot;gradient&quot;}\">\n\t\t\t\t<div class=\"elementor-element elementor-element-f3ab2a4 elementor-widget elementor-widget-template\" data-id=\"f3ab2a4\" data-element_type=\"widget\" data-widget_type=\"template.default\">\n\t\t\t\t<div class=\"elementor-widget-container\">\n\t\t\t\t\t\t\t<div class=\"elementor-template\">\n\t\t\t\t\t<div data-elementor-type=\"section\" data-elementor-id=\"420\" class=\"elementor elementor-420\" data-elementor-post-type=\"elementor_library\">\n\t\t\t\t\t<section class=\"elementor-section elementor-top-section elementor-element elementor-element-47032a9 elementor-section-boxed elementor-section-height-default elementor-section-height-default\" data-id=\"47032a9\" data-element_type=\"section\">\n\t\t\t\t\t\t\t<div class=\"elementor-background-overlay\"><\/div>\n\t\t\t\t\t\t\t<div class=\"elementor-container elementor-column-gap-default\">\n\t\t\t\t\t<div class=\"elementor-column elementor-col-100 elementor-top-column elementor-element elementor-element-832da9e\" data-id=\"832da9e\" data-element_type=\"column\">\n\t\t\t<div class=\"elementor-widget-wrap elementor-element-populated\">\n\t\t\t\t\t\t<div class=\"elementor-element elementor-element-8017f1c elementor-icon-list--layout-inline elementor-align-left elementor-widget__width-auto elementor-list-item-link-full_width elementor-invisible elementor-widget elementor-widget-icon-list\" data-id=\"8017f1c\" data-element_type=\"widget\" data-settings=\"{&quot;_animation&quot;:&quot;fadeInDown&quot;}\" data-widget_type=\"icon-list.default\">\n\t\t\t\t\t\t\t<ul class=\"elementor-icon-list-items elementor-inline-items\">\n\t\t\t\t\t\t\t<li class=\"elementor-icon-list-item elementor-inline-item\">\n\t\t\t\t\t\t\t\t\t\t\t<a href=\"\/en\/\">\n\n\t\t\t\t\t\t\t\t\t\t\t<span class=\"elementor-icon-list-text\">Home \/<\/span>\n\t\t\t\t\t\t\t\t\t\t\t<\/a>\n\t\t\t\t\t\t\t\t\t<\/li>\n\t\t\t\t\t\t<\/ul>\n\t\t\t\t\t\t<\/div>\n\t\t\t\t\t<\/div>\n\t\t<\/div>\n\t\t\t\t\t<\/div>\n\t\t<\/section>\n\t\t\t\t<\/div>\n\t\t\t\t<\/div>\n\t\t\t\t\t\t<\/div>\n\t\t\t\t<\/div>\n\t\t\t\t<\/div>\n\t\t\t\t<section class=\"elementor-section elementor-top-section elementor-element elementor-element-99492eb elementor-section-content-middle elementor-section-boxed elementor-section-height-default elementor-section-height-default\" data-id=\"99492eb\" data-element_type=\"section\">\n\t\t\t\t\t\t<div class=\"elementor-container elementor-column-gap-default\">\n\t\t\t\t\t<div class=\"elementor-column elementor-col-50 elementor-top-column elementor-element elementor-element-b2d2463 elementor-invisible\" data-id=\"b2d2463\" data-element_type=\"column\" data-settings=\"{&quot;animation&quot;:&quot;fadeInLeft&quot;}\">\n\t\t\t<div class=\"elementor-widget-wrap elementor-element-populated\">\n\t\t\t\t\t\t<div class=\"elementor-element elementor-element-66dcbf8 elementor-widget elementor-widget-text-editor\" data-id=\"66dcbf8\" data-element_type=\"widget\" data-widget_type=\"text-editor.default\">\n\t\t\t\t\t\t\t\t\t<h3><strong data-spm-anchor-id=\"a2ty_o01.29997173.0.i3.1409c921KxnNMk\">What is a Mobile Scaffold?<\/strong><\/h3><p>The safety of workers in the construction industry is always one of the top priorities. Providing the right equipment to reduce the risk of falls from heights and to protect work areas is of vital importance. At this point, <strong>mobile scaffolds<\/strong>offer an ideal solution for ensuring safety in construction projects.<\/p><div class=\"my-2\">\u00a0<\/div><p>Mobile scaffolds are structural platforms that can be easily moved to different work areas due to their portability. They are generally made of aluminum or steel and stand out for their lightweight design. Aluminum mobile scaffolds are particularly preferred because they offer greater portability and ease of use.<\/p><div class=\"my-2\">\u00a0<\/div><div class=\"py-2 my-3\"><hr \/><\/div><div class=\"my-2\">\u00a0<\/div><h3><strong>Why Choose Mobile Scaffolds?<\/strong><\/h3><ul dir=\"auto\"><li><strong>Quick Assembly and Disassembly:<\/strong>Saves time and labor.<\/li><li><strong>Relocatable:<\/strong>Can be used at different levels and locations.<\/li><li><strong>Lightweight and Portable:<\/strong>Easy to transport and store.<\/li><li><strong>Safe Working Area:<\/strong>Non-slip surfaces and guardrails enhance worker safety.<\/li><li><strong>Suitable for Various Projects:<\/strong>Used in construction, maintenance, cleaning, electrical work, painting, and more.<\/li><\/ul><div class=\"my-2\">\u00a0<\/div><div class=\"py-2 my-3\"><hr \/><\/div><div class=\"my-2\">\u00a0<\/div><h3><strong>Advantages of Mobile Scaffolding<\/strong><\/h3><p>\u2714\ufe0f <strong>Safety<\/strong>Minimizes the risk of falls when working at heights.<br \/>\u2714\ufe0f <strong>Efficiency<\/strong>Increases work productivity with quick setup and mobility.<br \/>\u2714\ufe0f <strong>Ergonomic Design<\/strong>Allows workers to move comfortably, reducing fatigue during long hours.<br \/>\u2714\ufe0f <strong>Portability<\/strong>:Can be quickly relocated according to the project site.<br \/>\u2714\ufe0f <strong>Versatile Use<\/strong>: Applicable in construction, factories, warehouses, stadiums, building fa\u00e7ades, and more.<\/p><div class=\"my-2\">\u00a0<\/div><div class=\"py-2 my-3\"><hr \/><\/div><div class=\"my-2\">\u00a0<\/div><h3><strong>Applications of Mobile Scaffolds<\/strong><\/h3><ul dir=\"auto\"><li>Painting and maintenance of building fa\u00e7ades<\/li><li>Window cleaning and replacement<\/li><li>Electrical and mechanical installation work<\/li><li>Maintenance of factories, warehouses, and stadiums<\/li><li>Interior ceiling, wall, and floor work<\/li><\/ul><div class=\"my-2\">\u00a0<\/div><div class=\"py-2 my-3\"><hr \/><\/div><div class=\"my-2\">\u00a0<\/div><h3><strong>Gold Scaffold \u2013 Safe and High-Quality Mobile Scaffold Solutions<\/strong><\/h3><p>Gold Scaffold, a manufacturer of safety scaffolds <strong>Gold Scaffold<\/strong>produces mobile scaffolds tailored to customers\u2019 specific measurements, desired heights, and needs. Each mobile scaffold is made from high-quality materials to ensure durability, safety, and long service life.<\/p><div class=\"my-2\">\u00a0<\/div><p>The mobile scaffolds designed for you provide a safe, <strong>practical, and efficient working environment<\/strong> for both employers and workers. They are especially ideal for making work at heights easier and preventing accidents.<\/p><div class=\"my-2\">\u00a0<\/div>\t\t\t\t\t\t\t\t<\/div>\n\t\t\t\t<div class=\"elementor-element elementor-element-21e7e6a elementor-align-justify elementor-widget elementor-widget-button\" data-id=\"21e7e6a\" data-element_type=\"widget\" data-widget_type=\"button.default\">\n\t\t\t\t\t\t\t\t\t\t<a class=\"elementor-button elementor-button-link elementor-size-sm\" href=\"tel:+905330459026\">\n\t\t\t\t\t\t<span class=\"elementor-button-content-wrapper\">\n\t\t\t\t\t\t<span class=\"elementor-button-icon\">\n\t\t\t\t<svg aria-hidden=\"true\" class=\"e-font-icon-svg e-fas-phone-alt\" viewbox=\"0 0 512 512\" xmlns=\"http:\/\/www.w3.org\/2000\/svg\"><path d=\"M497.39 361.8l-112-48a24 24 0 0 0-28 6.9l-49.6 60.6A370.66 370.66 0 0 1 130.6 204.11l60.6-49.6a23.94 23.94 0 0 0 6.9-28l-48-112A24.16 24.16 0 0 0 122.6.61l-104 24A24 24 0 0 0 0 48c0 256.5 207.9 464 464 464a24 24 0 0 0 23.4-18.6l24-104a24.29 24.29 0 0 0-14.01-27.6z\"><\/path><\/svg>\t\t\t<\/span>\n\t\t\t\t\t\t\t\t\t<span class=\"elementor-button-text\">+90 (533) 045 90 26<\/span>\n\t\t\t\t\t<\/span>\n\t\t\t\t\t<\/a>\n\t\t\t\t\t\t\t\t<\/div>\n\t\t\t\t\t<\/div>\n\t\t<\/div>\n\t\t\t\t<div class=\"elementor-column elementor-col-50 elementor-top-column elementor-element elementor-element-2b253fe\" data-id=\"2b253fe\" data-element_type=\"column\">\n\t\t\t<div class=\"elementor-widget-wrap elementor-element-populated\">\n\t\t\t\t\t\t<div class=\"elementor-element elementor-element-3bbffc8 elementor-widget elementor-widget-image\" data-id=\"3bbffc8\" data-element_type=\"widget\" data-settings=\"{&quot;sticky&quot;:&quot;top&quot;,&quot;sticky_on&quot;:[&quot;desktop&quot;],&quot;sticky_parent&quot;:&quot;yes&quot;,&quot;sticky_offset&quot;:0,&quot;sticky_effects_offset&quot;:0,&quot;sticky_anchor_link_offset&quot;:0}\" data-widget_type=\"image.default\">\n\t\t\t\t\t\t\t\t\t\t\t\t\t\t\t<img fetchpriority=\"high\" decoding=\"async\" width=\"768\" height=\"480\" src=\"https:\/\/goldiskele.com\/img\/2025\/09\/mobil-iskele-gold-1.webp\" class=\"attachment-full size-full wp-image-1592\" alt=\"\" srcset=\"https:\/\/goldiskele.com\/img\/2025\/09\/mobil-iskele-gold-1.webp 768w, https:\/\/goldiskele.com\/img\/2025\/09\/mobil-iskele-gold-1-300x188.webp 300w, https:\/\/goldiskele.com\/img\/2025\/09\/mobil-iskele-gold-1-18x12.webp 18w\" sizes=\"(max-width: 768px) 100vw, 768px\" \/>\t\t\t\t\t\t\t\t\t\t\t\t\t\t\t<\/div>\n\t\t\t\t\t<\/div>\n\t\t<\/div>\n\t\t\t\t\t<\/div>\n\t\t<\/section>\n\t\t<div class=\"elementor-element elementor-element-0845f97 e-flex e-con-boxed e-con e-parent\" data-id=\"0845f97\" data-element_type=\"container\">\n\t\t\t\t\t<div class=\"e-con-inner\">\n\t\t\t\t<div class=\"elementor-element elementor-element-8e222dc elementor-widget elementor-widget-heading\" data-id=\"8e222dc\" data-element_type=\"widget\" data-widget_type=\"heading.default\">\n\t\t\t\t\t<p class=\"elementor-heading-title elementor-size-default\">GALLERY<\/p>\t\t\t\t<\/div>\n\t\t\t\t<div class=\"elementor-element elementor-element-12ae472 elementor-widget elementor-widget-gallery\" data-id=\"12ae472\" data-element_type=\"widget\" data-settings=\"{&quot;columns&quot;:3,&quot;aspect_ratio&quot;:&quot;4:3&quot;,&quot;lazyload&quot;:&quot;yes&quot;,&quot;gallery_layout&quot;:&quot;grid&quot;,&quot;columns_tablet&quot;:2,&quot;columns_mobile&quot;:1,&quot;gap&quot;:{&quot;unit&quot;:&quot;px&quot;,&quot;size&quot;:10,&quot;sizes&quot;:[]},&quot;gap_tablet&quot;:{&quot;unit&quot;:&quot;px&quot;,&quot;size&quot;:10,&quot;sizes&quot;:[]},&quot;gap_mobile&quot;:{&quot;unit&quot;:&quot;px&quot;,&quot;size&quot;:10,&quot;sizes&quot;:[]},&quot;link_to&quot;:&quot;file&quot;,&quot;overlay_background&quot;:&quot;yes&quot;,&quot;content_hover_animation&quot;:&quot;fade-in&quot;}\" data-widget_type=\"gallery.default\">\n\t\t\t\t\t\t\t<div class=\"elementor-gallery__container\">\n\t\t\t\t\t\t\t<a class=\"e-gallery-item elementor-gallery-item elementor-animated-content\" href=\"https:\/\/goldiskele.com\/img\/2025\/09\/mobil-iskele-gold-2.webp\" data-elementor-open-lightbox=\"yes\" data-elementor-lightbox-slideshow=\"12ae472\" data-elementor-lightbox-title=\"mobil-iskele-gold-2\" data-e-action-hash=\"#elementor-action%3Aaction%3Dlightbox%26settings%3DeyJpZCI6MTU5MSwidXJsIjoiaHR0cHM6XC9cL2dvbGRpc2tlbGUuY29tXC9pbWdcLzIwMjVcLzA5XC9tb2JpbC1pc2tlbGUtZ29sZC0yLndlYnAiLCJzbGlkZXNob3ciOiIxMmFlNDcyIn0%3D\">\n\t\t\t\t\t<div class=\"e-gallery-image elementor-gallery-item__image\" data-thumbnail=\"https:\/\/goldiskele.com\/img\/2025\/09\/mobil-iskele-gold-2.webp\" data-width=\"768\" data-height=\"480\" aria-label=\"\" role=\"img\" ><\/div>\n\t\t\t\t\t\t\t\t\t\t\t<div class=\"elementor-gallery-item__overlay\"><\/div>\n\t\t\t\t\t\t\t\t\t\t\t\t\t\t<\/a>\n\t\t\t\t\t\t\t<a class=\"e-gallery-item elementor-gallery-item elementor-animated-content\" href=\"https:\/\/goldiskele.com\/img\/2025\/09\/mobil-iskele-gold-1.webp\" data-elementor-open-lightbox=\"yes\" data-elementor-lightbox-slideshow=\"12ae472\" data-elementor-lightbox-title=\"mobil-iskele-gold-1\" data-e-action-hash=\"#elementor-action%3Aaction%3Dlightbox%26settings%3DeyJpZCI6MTU5MiwidXJsIjoiaHR0cHM6XC9cL2dvbGRpc2tlbGUuY29tXC9pbWdcLzIwMjVcLzA5XC9tb2JpbC1pc2tlbGUtZ29sZC0xLndlYnAiLCJzbGlkZXNob3ciOiIxMmFlNDcyIn0%3D\">\n\t\t\t\t\t<div class=\"e-gallery-image elementor-gallery-item__image\" data-thumbnail=\"https:\/\/goldiskele.com\/img\/2025\/09\/mobil-iskele-gold-1.webp\" data-width=\"768\" data-height=\"480\" aria-label=\"\" role=\"img\" ><\/div>\n\t\t\t\t\t\t\t\t\t\t\t<div class=\"elementor-gallery-item__overlay\"><\/div>\n\t\t\t\t\t\t\t\t\t\t\t\t\t\t<\/a>\n\t\t\t\t\t<\/div>\n\t\t\t\t\t<\/div>\n\t\t\t\t\t<\/div>\n\t\t\t\t<\/div>\n\t\t<div class=\"elementor-element elementor-element-a906393 e-flex e-con-boxed e-con e-parent\" data-id=\"a906393\" data-element_type=\"container\">\n\t\t\t\t\t<div class=\"e-con-inner\">\n\t\t\t\t<div class=\"elementor-element elementor-element-a0da8c5 elementor-widget elementor-widget-heading\" data-id=\"a0da8c5\" data-element_type=\"widget\" data-widget_type=\"heading.default\">\n\t\t\t\t\t<p class=\"elementor-heading-title elementor-size-default\">OUR PRODUCTS<\/p>\t\t\t\t<\/div>\n\t\t\t\t<div class=\"elementor-element elementor-element-0a5fde0 elementor-widget elementor-widget-template\" data-id=\"0a5fde0\" data-element_type=\"widget\" data-widget_type=\"template.default\">\n\t\t\t\t<div class=\"elementor-widget-container\">\n\t\t\t\t\t\t\t<div class=\"elementor-template\">\n\t\t\t\t\t<div data-elementor-type=\"section\" data-elementor-id=\"1496\" class=\"elementor elementor-1496\" data-elementor-post-type=\"elementor_library\">\n\t\t\t<div class=\"elementor-element elementor-element-74e6dc4 e-con-full e-flex e-con e-child\" data-id=\"74e6dc4\" data-element_type=\"container\">\n\t\t<div class=\"elementor-element elementor-element-b8c23cd e-con-full e-flex e-con e-child\" data-id=\"b8c23cd\" data-element_type=\"container\">\n\t\t\t\t<div class=\"elementor-element elementor-element-7f6ceb6 elementor-icon-list--layout-traditional elementor-list-item-link-full_width elementor-widget elementor-widget-icon-list\" data-id=\"7f6ceb6\" data-element_type=\"widget\" data-widget_type=\"icon-list.default\">\n\t\t\t\t\t\t\t<ul class=\"elementor-icon-list-items\">\n\t\t\t\t\t\t\t<li class=\"elementor-icon-list-item\">\n\t\t\t\t\t\t\t\t\t\t\t<a href=\"\/en\/h-tipi-guvenlikli-i\u0307skele\/\">\n\n\t\t\t\t\t\t\t\t\t\t\t\t<span class=\"elementor-icon-list-icon\">\n\t\t\t\t\t\t\t<svg aria-hidden=\"true\" class=\"e-font-icon-svg e-fas-screwdriver\" viewbox=\"0 0 512 512\" xmlns=\"http:\/\/www.w3.org\/2000\/svg\"><path d=\"M448 0L320 96v62.06l-83.03 83.03c6.79 4.25 13.27 9.06 19.07 14.87 5.8 5.8 10.62 12.28 14.87 19.07L353.94 192H416l96-128-64-64zM128 278.59L10.92 395.67c-14.55 14.55-14.55 38.15 0 52.71l52.7 52.7c14.56 14.56 38.15 14.56 52.71 0L233.41 384c29.11-29.11 29.11-76.3 0-105.41s-76.3-29.11-105.41 0z\"><\/path><\/svg>\t\t\t\t\t\t<\/span>\n\t\t\t\t\t\t\t\t\t\t<span class=\"elementor-icon-list-text\">H Type Safe Scaffolding<\/span>\n\t\t\t\t\t\t\t\t\t\t\t<\/a>\n\t\t\t\t\t\t\t\t\t<\/li>\n\t\t\t\t\t\t<\/ul>\n\t\t\t\t\t\t<\/div>\n\t\t\t\t<div class=\"elementor-element elementor-element-3d0243f elementor-widget elementor-widget-image\" data-id=\"3d0243f\" data-element_type=\"widget\" data-widget_type=\"image.default\">\n\t\t\t\t\t\t\t\t\t\t\t\t\t\t\t\t<a href=\"https:\/\/goldiskele.com\/en\/h-type-scaffolding\/\">\n\t\t\t\t\t\t\t<img decoding=\"async\" width=\"775\" height=\"470\" src=\"https:\/\/goldiskele.com\/img\/2025\/08\/h-tipi-iskele-1.webp\" class=\"attachment-full size-full wp-image-1350\" alt=\"\" srcset=\"https:\/\/goldiskele.com\/img\/2025\/08\/h-tipi-iskele-1.webp 775w, https:\/\/goldiskele.com\/img\/2025\/08\/h-tipi-iskele-1-300x182.webp 300w, https:\/\/goldiskele.com\/img\/2025\/08\/h-tipi-iskele-1-768x466.webp 768w, https:\/\/goldiskele.com\/img\/2025\/08\/h-tipi-iskele-1-18x12.webp 18w\" sizes=\"(max-width: 775px) 100vw, 775px\" \/>\t\t\t\t\t\t\t\t<\/a>\n\t\t\t\t\t\t\t\t\t\t\t\t\t\t\t<\/div>\n\t\t\t\t<div class=\"elementor-element elementor-element-902fde4 elementor-widget elementor-widget-heading\" data-id=\"902fde4\" data-element_type=\"widget\" data-widget_type=\"heading.default\">\n\t\t\t\t\t<p class=\"elementor-heading-title elementor-size-default\"><a href=\"https:\/\/goldiskele.com\/en\/h-type-scaffolding\/\">H type safe scaffolding is one of the systems preferred especially in high-rise projects.<\/a><\/p>\t\t\t\t<\/div>\n\t\t\t\t<\/div>\n\t\t<div class=\"elementor-element elementor-element-edbe5c5 e-con-full e-flex e-con e-child\" data-id=\"edbe5c5\" data-element_type=\"container\">\n\t\t\t\t<div class=\"elementor-element elementor-element-1002fb9 elementor-icon-list--layout-traditional elementor-list-item-link-full_width elementor-widget elementor-widget-icon-list\" data-id=\"1002fb9\" data-element_type=\"widget\" data-widget_type=\"icon-list.default\">\n\t\t\t\t\t\t\t<ul class=\"elementor-icon-list-items\">\n\t\t\t\t\t\t\t<li class=\"elementor-icon-list-item\">\n\t\t\t\t\t\t\t\t\t\t\t<a href=\"\/en\/flansli-i\u0307skele\/\">\n\n\t\t\t\t\t\t\t\t\t\t\t\t<span class=\"elementor-icon-list-icon\">\n\t\t\t\t\t\t\t<svg aria-hidden=\"true\" class=\"e-font-icon-svg e-fas-screwdriver\" viewbox=\"0 0 512 512\" xmlns=\"http:\/\/www.w3.org\/2000\/svg\"><path d=\"M448 0L320 96v62.06l-83.03 83.03c6.79 4.25 13.27 9.06 19.07 14.87 5.8 5.8 10.62 12.28 14.87 19.07L353.94 192H416l96-128-64-64zM128 278.59L10.92 395.67c-14.55 14.55-14.55 38.15 0 52.71l52.7 52.7c14.56 14.56 38.15 14.56 52.71 0L233.41 384c29.11-29.11 29.11-76.3 0-105.41s-76.3-29.11-105.41 0z\"><\/path><\/svg>\t\t\t\t\t\t<\/span>\n\t\t\t\t\t\t\t\t\t\t<span class=\"elementor-icon-list-text\">Flanged Scaffolding<\/span>\n\t\t\t\t\t\t\t\t\t\t\t<\/a>\n\t\t\t\t\t\t\t\t\t<\/li>\n\t\t\t\t\t\t<\/ul>\n\t\t\t\t\t\t<\/div>\n\t\t\t\t<div class=\"elementor-element elementor-element-8bdd04e elementor-widget elementor-widget-image\" data-id=\"8bdd04e\" data-element_type=\"widget\" data-widget_type=\"image.default\">\n\t\t\t\t\t\t\t\t\t\t\t\t\t\t\t\t<a href=\"https:\/\/goldiskele.com\/en\/flanged-scaffolding\/\">\n\t\t\t\t\t\t\t<img decoding=\"async\" width=\"800\" height=\"600\" src=\"https:\/\/goldiskele.com\/img\/2025\/08\/flansli-iskele-1a.webp\" class=\"attachment-full size-full wp-image-1351\" alt=\"\" srcset=\"https:\/\/goldiskele.com\/img\/2025\/08\/flansli-iskele-1a.webp 800w, https:\/\/goldiskele.com\/img\/2025\/08\/flansli-iskele-1a-300x225.webp 300w, https:\/\/goldiskele.com\/img\/2025\/08\/flansli-iskele-1a-768x576.webp 768w, https:\/\/goldiskele.com\/img\/2025\/08\/flansli-iskele-1a-16x12.webp 16w\" sizes=\"(max-width: 800px) 100vw, 800px\" \/>\t\t\t\t\t\t\t\t<\/a>\n\t\t\t\t\t\t\t\t\t\t\t\t\t\t\t<\/div>\n\t\t\t\t<div class=\"elementor-element elementor-element-065dff7 elementor-widget elementor-widget-heading\" data-id=\"065dff7\" data-element_type=\"widget\" data-widget_type=\"heading.default\">\n\t\t\t\t\t<p class=\"elementor-heading-title elementor-size-default\"><a href=\"https:\/\/goldiskele.com\/en\/flanged-scaffolding\/\">Flanged scaffolding systems easily adapt to different projects with their flexible use.<\/a><\/p>\t\t\t\t<\/div>\n\t\t\t\t<\/div>\n\t\t<div class=\"elementor-element elementor-element-f3dda27 e-con-full e-flex e-con e-child\" data-id=\"f3dda27\" data-element_type=\"container\">\n\t\t\t\t<div class=\"elementor-element elementor-element-077560e elementor-icon-list--layout-traditional elementor-list-item-link-full_width elementor-widget elementor-widget-icon-list\" data-id=\"077560e\" data-element_type=\"widget\" data-widget_type=\"icon-list.default\">\n\t\t\t\t\t\t\t<ul class=\"elementor-icon-list-items\">\n\t\t\t\t\t\t\t<li class=\"elementor-icon-list-item\">\n\t\t\t\t\t\t\t\t\t\t\t<a href=\"\/en\/mobil-tekerlekli-iskele\/\">\n\n\t\t\t\t\t\t\t\t\t\t\t\t<span class=\"elementor-icon-list-icon\">\n\t\t\t\t\t\t\t<svg aria-hidden=\"true\" class=\"e-font-icon-svg e-fas-screwdriver\" viewbox=\"0 0 512 512\" xmlns=\"http:\/\/www.w3.org\/2000\/svg\"><path d=\"M448 0L320 96v62.06l-83.03 83.03c6.79 4.25 13.27 9.06 19.07 14.87 5.8 5.8 10.62 12.28 14.87 19.07L353.94 192H416l96-128-64-64zM128 278.59L10.92 395.67c-14.55 14.55-14.55 38.15 0 52.71l52.7 52.7c14.56 14.56 38.15 14.56 52.71 0L233.41 384c29.11-29.11 29.11-76.3 0-105.41s-76.3-29.11-105.41 0z\"><\/path><\/svg>\t\t\t\t\t\t<\/span>\n\t\t\t\t\t\t\t\t\t\t<span class=\"elementor-icon-list-text\">Mobile Wheeled Scaffolding<\/span>\n\t\t\t\t\t\t\t\t\t\t\t<\/a>\n\t\t\t\t\t\t\t\t\t<\/li>\n\t\t\t\t\t\t<\/ul>\n\t\t\t\t\t\t<\/div>\n\t\t\t\t<div class=\"elementor-element elementor-element-abd1fcb elementor-widget elementor-widget-image\" data-id=\"abd1fcb\" data-element_type=\"widget\" data-widget_type=\"image.default\">\n\t\t\t\t\t\t\t\t\t\t\t\t\t\t\t\t<a href=\"https:\/\/goldiskele.com\/en\/mobile-wheeled-scaffolding\/\">\n\t\t\t\t\t\t\t<img loading=\"lazy\" decoding=\"async\" width=\"800\" height=\"500\" src=\"https:\/\/goldiskele.com\/img\/2025\/08\/mobil-tekerlekli-iskele-1a.webp\" class=\"attachment-full size-full wp-image-1353\" alt=\"\" srcset=\"https:\/\/goldiskele.com\/img\/2025\/08\/mobil-tekerlekli-iskele-1a.webp 800w, https:\/\/goldiskele.com\/img\/2025\/08\/mobil-tekerlekli-iskele-1a-300x188.webp 300w, https:\/\/goldiskele.com\/img\/2025\/08\/mobil-tekerlekli-iskele-1a-768x480.webp 768w, https:\/\/goldiskele.com\/img\/2025\/08\/mobil-tekerlekli-iskele-1a-18x12.webp 18w\" sizes=\"(max-width: 800px) 100vw, 800px\" \/>\t\t\t\t\t\t\t\t<\/a>\n\t\t\t\t\t\t\t\t\t\t\t\t\t\t\t<\/div>\n\t\t\t\t<div class=\"elementor-element elementor-element-5647abe elementor-widget elementor-widget-heading\" data-id=\"5647abe\" data-element_type=\"widget\" data-widget_type=\"heading.default\">\n\t\t\t\t\t<p class=\"elementor-heading-title elementor-size-default\"><a href=\"https:\/\/goldiskele.com\/en\/mobile-wheeled-scaffolding\/\">Mobile wheeled scaffolding is the most practical solution for tasks that require quick mobility.<\/a><\/p>\t\t\t\t<\/div>\n\t\t\t\t<\/div>\n\t\t<div class=\"elementor-element elementor-element-e7d16f8 e-con-full e-flex e-con e-child\" data-id=\"e7d16f8\" data-element_type=\"container\">\n\t\t\t\t<div class=\"elementor-element elementor-element-f53adaf elementor-icon-list--layout-traditional elementor-list-item-link-full_width elementor-widget elementor-widget-icon-list\" data-id=\"f53adaf\" data-element_type=\"widget\" data-widget_type=\"icon-list.default\">\n\t\t\t\t\t\t\t<ul class=\"elementor-icon-list-items\">\n\t\t\t\t\t\t\t<li class=\"elementor-icon-list-item\">\n\t\t\t\t\t\t\t\t\t\t\t<a href=\"\/en\/iskele-aksesuarlari\/\">\n\n\t\t\t\t\t\t\t\t\t\t\t\t<span class=\"elementor-icon-list-icon\">\n\t\t\t\t\t\t\t<svg aria-hidden=\"true\" class=\"e-font-icon-svg e-fas-screwdriver\" viewbox=\"0 0 512 512\" xmlns=\"http:\/\/www.w3.org\/2000\/svg\"><path d=\"M448 0L320 96v62.06l-83.03 83.03c6.79 4.25 13.27 9.06 19.07 14.87 5.8 5.8 10.62 12.28 14.87 19.07L353.94 192H416l96-128-64-64zM128 278.59L10.92 395.67c-14.55 14.55-14.55 38.15 0 52.71l52.7 52.7c14.56 14.56 38.15 14.56 52.71 0L233.41 384c29.11-29.11 29.11-76.3 0-105.41s-76.3-29.11-105.41 0z\"><\/path><\/svg>\t\t\t\t\t\t<\/span>\n\t\t\t\t\t\t\t\t\t\t<span class=\"elementor-icon-list-text\">Scaffolding Accessories<\/span>\n\t\t\t\t\t\t\t\t\t\t\t<\/a>\n\t\t\t\t\t\t\t\t\t<\/li>\n\t\t\t\t\t\t<\/ul>\n\t\t\t\t\t\t<\/div>\n\t\t\t\t<div class=\"elementor-element elementor-element-84efeb2 elementor-widget elementor-widget-image\" data-id=\"84efeb2\" data-element_type=\"widget\" data-widget_type=\"image.default\">\n\t\t\t\t\t\t\t\t\t\t\t\t\t\t\t\t<a href=\"https:\/\/goldiskele.com\/en\/scaffolding-accessories\/\">\n\t\t\t\t\t\t\t<img loading=\"lazy\" decoding=\"async\" width=\"1536\" height=\"2040\" src=\"https:\/\/goldiskele.com\/img\/2025\/09\/iskele-aksesuarlari.webp\" class=\"attachment-full size-full wp-image-1472\" alt=\"\" srcset=\"https:\/\/goldiskele.com\/img\/2025\/09\/iskele-aksesuarlari.webp 1536w, https:\/\/goldiskele.com\/img\/2025\/09\/iskele-aksesuarlari-226x300.webp 226w, https:\/\/goldiskele.com\/img\/2025\/09\/iskele-aksesuarlari-771x1024.webp 771w, https:\/\/goldiskele.com\/img\/2025\/09\/iskele-aksesuarlari-768x1020.webp 768w, https:\/\/goldiskele.com\/img\/2025\/09\/iskele-aksesuarlari-1157x1536.webp 1157w, https:\/\/goldiskele.com\/img\/2025\/09\/iskele-aksesuarlari-9x12.webp 9w\" sizes=\"(max-width: 1536px) 100vw, 1536px\" \/>\t\t\t\t\t\t\t\t<\/a>\n\t\t\t\t\t\t\t\t\t\t\t\t\t\t\t<\/div>\n\t\t\t\t<div class=\"elementor-element elementor-element-2cc2b95 elementor-widget elementor-widget-heading\" data-id=\"2cc2b95\" data-element_type=\"widget\" data-widget_type=\"heading.default\">\n\t\t\t\t\t<p class=\"elementor-heading-title elementor-size-default\"><a href=\"https:\/\/goldiskele.com\/en\/scaffolding-accessories\/\">The most important element that completes a scaffolding system is the right accessories.<\/a><\/p>\t\t\t\t<\/div>\n\t\t\t\t<\/div>\n\t\t\t\t<\/div>\n\t\t\t\t<\/div>\n\t\t\t\t<\/div>\n\t\t\t\t\t\t<\/div>\n\t\t\t\t<\/div>\n\t\t\t\t\t<\/div>\n\t\t\t\t<\/div>\n\t\t\t\t<\/div>","protected":false},"excerpt":{"rendered":"<p>Mobil \u0130skele Nedir? \u0130n\u015faat sekt\u00f6r\u00fcnde \u00e7al\u0131\u015fan i\u015f\u00e7ilerin g\u00fcvenli\u011fi her zaman en \u00f6nemli \u00f6nceliklerden biridir. \u0130\u015f\u00e7ilerin y\u00fcksekten d\u00fc\u015fme riskini azaltmak ve \u00e7al\u0131\u015fma alanlar\u0131n\u0131 korumak i\u00e7in do\u011fru ekipmanlar sa\u011flayarak hayati \u00f6neme sahiptir. Bu noktada mobil iskeleler, in\u015faat projelerinde g\u00fcvenli\u011fi sa\u011flamak i\u00e7in ideal bir \u00e7\u00f6z\u00fcm sunar. \u00a0 Mobil iskeleler, ta\u015f\u0131nabilir olmalar\u0131 sayesinde farkl\u0131 i\u015f alanlar\u0131na kolayl\u0131kla ta\u015f\u0131nabilen yap\u0131sal [&hellip;]<\/p>","protected":false},"author":1,"featured_media":0,"parent":0,"menu_order":0,"comment_status":"closed","ping_status":"closed","template":"","meta":{"footnotes":""},"class_list":["post-1493","page","type-page","status-publish","hentry"],"_links":{"self":[{"href":"https:\/\/goldiskele.com\/en\/wp-json\/wp\/v2\/pages\/1493","targetHints":{"allow":["GET"]}}],"collection":[{"href":"https:\/\/goldiskele.com\/en\/wp-json\/wp\/v2\/pages"}],"about":[{"href":"https:\/\/goldiskele.com\/en\/wp-json\/wp\/v2\/types\/page"}],"author":[{"embeddable":true,"href":"https:\/\/goldiskele.com\/en\/wp-json\/wp\/v2\/users\/1"}],"replies":[{"embeddable":true,"href":"https:\/\/goldiskele.com\/en\/wp-json\/wp\/v2\/comments?post=1493"}],"version-history":[{"count":28,"href":"https:\/\/goldiskele.com\/en\/wp-json\/wp\/v2\/pages\/1493\/revisions"}],"predecessor-version":[{"id":1818,"href":"https:\/\/goldiskele.com\/en\/wp-json\/wp\/v2\/pages\/1493\/revisions\/1818"}],"wp:attachment":[{"href":"https:\/\/goldiskele.com\/en\/wp-json\/wp\/v2\/media?parent=1493"}],"curies":[{"name":"wp","href":"https:\/\/api.w.org\/{rel}","templated":true}]}}