{"id":1491,"date":"2025-09-16T17:46:15","date_gmt":"2025-09-16T14:46:15","guid":{"rendered":"https:\/\/goldiskele.com\/?page_id=1491"},"modified":"2025-09-20T23:43:04","modified_gmt":"2025-09-20T20:43:04","slug":"flansli-iskele","status":"publish","type":"page","link":"https:\/\/goldiskele.com\/en\/flanged-scaffolding\/","title":{"rendered":"Flanged Scaffolding"},"content":{"rendered":"<div data-elementor-type=\"wp-page\" data-elementor-id=\"1491\" class=\"elementor elementor-1491\" data-elementor-post-type=\"page\">\n\t\t\t\t<div class=\"elementor-element elementor-element-5198f1b e-con-full e-flex e-con e-parent\" data-id=\"5198f1b\" data-element_type=\"container\" data-settings=\"{&quot;background_background&quot;:&quot;gradient&quot;}\">\n\t\t\t\t<div class=\"elementor-element elementor-element-f3ab2a4 elementor-widget elementor-widget-template\" data-id=\"f3ab2a4\" data-element_type=\"widget\" data-widget_type=\"template.default\">\n\t\t\t\t<div class=\"elementor-widget-container\">\n\t\t\t\t\t\t\t<div class=\"elementor-template\">\n\t\t\t\t\t<div data-elementor-type=\"section\" data-elementor-id=\"420\" class=\"elementor elementor-420\" data-elementor-post-type=\"elementor_library\">\n\t\t\t\t\t<section class=\"elementor-section elementor-top-section elementor-element elementor-element-47032a9 elementor-section-boxed elementor-section-height-default elementor-section-height-default\" data-id=\"47032a9\" data-element_type=\"section\">\n\t\t\t\t\t\t\t<div class=\"elementor-background-overlay\"><\/div>\n\t\t\t\t\t\t\t<div class=\"elementor-container elementor-column-gap-default\">\n\t\t\t\t\t<div class=\"elementor-column elementor-col-100 elementor-top-column elementor-element elementor-element-832da9e\" data-id=\"832da9e\" data-element_type=\"column\">\n\t\t\t<div class=\"elementor-widget-wrap elementor-element-populated\">\n\t\t\t\t\t\t<div class=\"elementor-element elementor-element-8017f1c elementor-icon-list--layout-inline elementor-align-left elementor-widget__width-auto elementor-list-item-link-full_width elementor-invisible elementor-widget elementor-widget-icon-list\" data-id=\"8017f1c\" data-element_type=\"widget\" data-settings=\"{&quot;_animation&quot;:&quot;fadeInDown&quot;}\" data-widget_type=\"icon-list.default\">\n\t\t\t\t\t\t\t<ul class=\"elementor-icon-list-items elementor-inline-items\">\n\t\t\t\t\t\t\t<li class=\"elementor-icon-list-item elementor-inline-item\">\n\t\t\t\t\t\t\t\t\t\t\t<a href=\"\/en\/\">\n\n\t\t\t\t\t\t\t\t\t\t\t<span class=\"elementor-icon-list-text\">Home \/<\/span>\n\t\t\t\t\t\t\t\t\t\t\t<\/a>\n\t\t\t\t\t\t\t\t\t<\/li>\n\t\t\t\t\t\t<\/ul>\n\t\t\t\t\t\t<\/div>\n\t\t\t\t\t<\/div>\n\t\t<\/div>\n\t\t\t\t\t<\/div>\n\t\t<\/section>\n\t\t\t\t<\/div>\n\t\t\t\t<\/div>\n\t\t\t\t\t\t<\/div>\n\t\t\t\t<\/div>\n\t\t\t\t<\/div>\n\t\t\t\t<section class=\"elementor-section elementor-top-section elementor-element elementor-element-965aee3 elementor-section-content-middle elementor-section-boxed elementor-section-height-default elementor-section-height-default\" data-id=\"965aee3\" data-element_type=\"section\" data-settings=\"{&quot;background_background&quot;:&quot;classic&quot;}\">\n\t\t\t\t\t\t\t<div class=\"elementor-background-overlay\"><\/div>\n\t\t\t\t\t\t\t<div class=\"elementor-container elementor-column-gap-default\">\n\t\t\t\t\t<div class=\"elementor-column elementor-col-50 elementor-top-column elementor-element elementor-element-f23d130 elementor-invisible\" data-id=\"f23d130\" data-element_type=\"column\" data-settings=\"{&quot;animation&quot;:&quot;fadeInLeft&quot;}\">\n\t\t\t<div class=\"elementor-widget-wrap elementor-element-populated\">\n\t\t\t\t\t\t<div class=\"elementor-element elementor-element-7ac5043 elementor-widget elementor-widget-heading\" data-id=\"7ac5043\" data-element_type=\"widget\" data-widget_type=\"heading.default\">\n\t\t\t\t\t<p class=\"elementor-heading-title elementor-size-default\">FLANGED SCAFFOLDING SYSTEM<\/p>\t\t\t\t<\/div>\n\t\t\t\t<div class=\"elementor-element elementor-element-a86f9c7 elementor-widget elementor-widget-text-editor\" data-id=\"a86f9c7\" data-element_type=\"widget\" data-widget_type=\"text-editor.default\">\n\t\t\t\t\t\t\t\t\t<p class=\"ds-markdown-paragraph\"><strong>Flange Scaffolding<\/strong>\u00a0It is a versatile scaffolding system that can be used in various fields such as industrial structures, shipbuilding and repair (shipyards), civil engineering structures, power plants, aircraft maintenance and repair facilities, cement production plants, tunnel and dam constructions, as well as in all types of fa\u00e7ade works. It can be used both as a supporting scaffold under slabs and as a working scaffold on fa\u00e7ades. It provides a safe and practical working environment.<\/p><p class=\"ds-markdown-paragraph\">This system offers a solid and reliable structure thanks to its unique connection technology. It consists of vertical connection elements called \u201cflanges,\u201d welded onto the vertical components with eight-way connection points, and horizontal connection elements equipped with a locking mechanism. Standard pipes with a diameter of 48 mm, TSE certified and subjected to mechanical tests, are used. Production is carried out in accordance with ISO 9001 quality standards using automatic gas metal arc welding robots.<\/p>\t\t\t\t\t\t\t\t<\/div>\n\t\t\t\t<div class=\"elementor-element elementor-element-35c8d37 elementor-align-justify elementor-widget elementor-widget-button\" data-id=\"35c8d37\" data-element_type=\"widget\" data-widget_type=\"button.default\">\n\t\t\t\t\t\t\t\t\t\t<a class=\"elementor-button elementor-button-link elementor-size-sm\" href=\"tel:+905330459026\">\n\t\t\t\t\t\t<span class=\"elementor-button-content-wrapper\">\n\t\t\t\t\t\t<span class=\"elementor-button-icon\">\n\t\t\t\t<svg aria-hidden=\"true\" class=\"e-font-icon-svg e-fas-phone-alt\" viewbox=\"0 0 512 512\" xmlns=\"http:\/\/www.w3.org\/2000\/svg\"><path d=\"M497.39 361.8l-112-48a24 24 0 0 0-28 6.9l-49.6 60.6A370.66 370.66 0 0 1 130.6 204.11l60.6-49.6a23.94 23.94 0 0 0 6.9-28l-48-112A24.16 24.16 0 0 0 122.6.61l-104 24A24 24 0 0 0 0 48c0 256.5 207.9 464 464 464a24 24 0 0 0 23.4-18.6l24-104a24.29 24.29 0 0 0-14.01-27.6z\"><\/path><\/svg>\t\t\t<\/span>\n\t\t\t\t\t\t\t\t\t<span class=\"elementor-button-text\">+90 (533) 045 90 26<\/span>\n\t\t\t\t\t<\/span>\n\t\t\t\t\t<\/a>\n\t\t\t\t\t\t\t\t<\/div>\n\t\t<div class=\"elementor-element elementor-element-1b3e52a e-con-full e-flex e-con e-child\" data-id=\"1b3e52a\" data-element_type=\"container\" data-settings=\"{&quot;background_background&quot;:&quot;classic&quot;}\">\n\t\t<div class=\"elementor-element elementor-element-811a155 e-con-full e-flex e-con e-child\" data-id=\"811a155\" data-element_type=\"container\">\n\t\t\t\t<div class=\"elementor-element elementor-element-d8dad88 elementor-position-left elementor-view-default elementor-mobile-position-top elementor-widget elementor-widget-icon-box\" data-id=\"d8dad88\" data-element_type=\"widget\" data-widget_type=\"icon-box.default\">\n\t\t\t\t\t\t\t<div class=\"elementor-icon-box-wrapper\">\n\n\t\t\t\t\t\t<div class=\"elementor-icon-box-icon\">\n\t\t\t\t<span  class=\"elementor-icon\">\n\t\t\t\t<svg aria-hidden=\"true\" class=\"e-font-icon-svg e-fas-long-arrow-alt-up\" viewbox=\"0 0 256 512\" xmlns=\"http:\/\/www.w3.org\/2000\/svg\"><path d=\"M88 166.059V468c0 6.627 5.373 12 12 12h56c6.627 0 12-5.373 12-12V166.059h46.059c21.382 0 32.09-25.851 16.971-40.971l-86.059-86.059c-9.373-9.373-24.569-9.373-33.941 0l-86.059 86.059c-15.119 15.119-4.411 40.971 16.971 40.971H88z\"><\/path><\/svg>\t\t\t\t<\/span>\n\t\t\t<\/div>\n\t\t\t\n\t\t\t\t\t\t<div class=\"elementor-icon-box-content\">\n\n\t\t\t\t\t\t\t\t\t<h3 class=\"elementor-icon-box-title\">\n\t\t\t\t\t\t<span  >\n\t\t\t\t\t\t\tFLANGED PRODUCT LIST\t\t\t\t\t\t<\/span>\n\t\t\t\t\t<\/h3>\n\t\t\t\t\n\t\t\t\t\t\t\t\t\t<p class=\"elementor-icon-box-description\">\n\t\t\t\t\t\tFlanged Upright<br \/>\nHorizontal Connection<br \/>\nDiagonal Connection<br \/>\nDiagonal Ladder<br \/>\nHatch Ladder<br \/>\nMetal Plank<br \/>\nReinforced Horizontal Connection<br \/>\nToe Board<br \/>\nConsole<br \/>\nInner Ladder Guardrail<br \/>\nOuter Ladder Guardrail<br \/>\nAdjustable Base<br \/>\nStarter Base<br \/>\t\t\t\t\t<\/p>\n\t\t\t\t\n\t\t\t<\/div>\n\t\t\t\n\t\t<\/div>\n\t\t\t\t\t\t<\/div>\n\t\t\t\t<\/div>\n\t\t\t\t<\/div>\n\t\t\t\t\t<\/div>\n\t\t<\/div>\n\t\t\t\t<div class=\"elementor-column elementor-col-50 elementor-top-column elementor-element elementor-element-b430c98\" data-id=\"b430c98\" data-element_type=\"column\">\n\t\t\t<div class=\"elementor-widget-wrap elementor-element-populated\">\n\t\t\t\t\t\t<div class=\"elementor-element elementor-element-287e66a elementor-widget elementor-widget-image\" data-id=\"287e66a\" data-element_type=\"widget\" data-settings=\"{&quot;sticky&quot;:&quot;top&quot;,&quot;sticky_on&quot;:[&quot;desktop&quot;],&quot;sticky_parent&quot;:&quot;yes&quot;,&quot;sticky_offset&quot;:0,&quot;sticky_effects_offset&quot;:0,&quot;sticky_anchor_link_offset&quot;:0}\" data-widget_type=\"image.default\">\n\t\t\t\t\t\t\t\t\t\t\t\t\t\t\t<img fetchpriority=\"high\" decoding=\"async\" width=\"1125\" height=\"1467\" src=\"https:\/\/goldiskele.com\/img\/2025\/09\/flansli-iskele-gold-1.webp\" class=\"attachment-full size-full wp-image-1570\" alt=\"\" srcset=\"https:\/\/goldiskele.com\/img\/2025\/09\/flansli-iskele-gold-1.webp 1125w, https:\/\/goldiskele.com\/img\/2025\/09\/flansli-iskele-gold-1-230x300.webp 230w, https:\/\/goldiskele.com\/img\/2025\/09\/flansli-iskele-gold-1-785x1024.webp 785w, https:\/\/goldiskele.com\/img\/2025\/09\/flansli-iskele-gold-1-768x1001.webp 768w, https:\/\/goldiskele.com\/img\/2025\/09\/flansli-iskele-gold-1-9x12.webp 9w\" sizes=\"(max-width: 1125px) 100vw, 1125px\" \/>\t\t\t\t\t\t\t\t\t\t\t\t\t\t\t<\/div>\n\t\t\t\t\t<\/div>\n\t\t<\/div>\n\t\t\t\t\t<\/div>\n\t\t<\/section>\n\t\t<div class=\"elementor-element elementor-element-6ae40f6 e-flex e-con-boxed e-con e-parent\" data-id=\"6ae40f6\" data-element_type=\"container\">\n\t\t\t\t\t<div class=\"e-con-inner\">\n\t\t\t\t<div class=\"elementor-element elementor-element-b8ae0ba elementor-widget elementor-widget-heading\" data-id=\"b8ae0ba\" data-element_type=\"widget\" data-widget_type=\"heading.default\">\n\t\t\t\t\t<p class=\"elementor-heading-title elementor-size-default\">GALLERY<\/p>\t\t\t\t<\/div>\n\t\t\t\t<div class=\"elementor-element elementor-element-ba3f2ad elementor-widget elementor-widget-gallery\" data-id=\"ba3f2ad\" data-element_type=\"widget\" data-settings=\"{&quot;columns&quot;:2,&quot;aspect_ratio&quot;:&quot;9:16&quot;,&quot;columns_mobile&quot;:2,&quot;lazyload&quot;:&quot;yes&quot;,&quot;gallery_layout&quot;:&quot;grid&quot;,&quot;columns_tablet&quot;:2,&quot;gap&quot;:{&quot;unit&quot;:&quot;px&quot;,&quot;size&quot;:10,&quot;sizes&quot;:[]},&quot;gap_tablet&quot;:{&quot;unit&quot;:&quot;px&quot;,&quot;size&quot;:10,&quot;sizes&quot;:[]},&quot;gap_mobile&quot;:{&quot;unit&quot;:&quot;px&quot;,&quot;size&quot;:10,&quot;sizes&quot;:[]},&quot;link_to&quot;:&quot;file&quot;,&quot;overlay_background&quot;:&quot;yes&quot;,&quot;content_hover_animation&quot;:&quot;fade-in&quot;}\" data-widget_type=\"gallery.default\">\n\t\t\t\t\t\t\t<div class=\"elementor-gallery__container\">\n\t\t\t\t\t\t\t<a class=\"e-gallery-item elementor-gallery-item elementor-animated-content\" href=\"https:\/\/goldiskele.com\/img\/2025\/09\/flansli-iskele-gold-1.webp\" data-elementor-open-lightbox=\"yes\" data-elementor-lightbox-slideshow=\"ba3f2ad\" data-elementor-lightbox-title=\"flansli-iskele-gold-1\" data-e-action-hash=\"#elementor-action%3Aaction%3Dlightbox%26settings%3DeyJpZCI6MTU3MCwidXJsIjoiaHR0cHM6XC9cL2dvbGRpc2tlbGUuY29tXC9pbWdcLzIwMjVcLzA5XC9mbGFuc2xpLWlza2VsZS1nb2xkLTEud2VicCIsInNsaWRlc2hvdyI6ImJhM2YyYWQifQ%3D%3D\">\n\t\t\t\t\t<div class=\"e-gallery-image elementor-gallery-item__image\" data-thumbnail=\"https:\/\/goldiskele.com\/img\/2025\/09\/flansli-iskele-gold-1.webp\" data-width=\"1125\" data-height=\"1467\" aria-label=\"\" role=\"img\" ><\/div>\n\t\t\t\t\t\t\t\t\t\t\t<div class=\"elementor-gallery-item__overlay\"><\/div>\n\t\t\t\t\t\t\t\t\t\t\t\t\t\t<\/a>\n\t\t\t\t\t\t\t<a class=\"e-gallery-item elementor-gallery-item elementor-animated-content\" href=\"https:\/\/goldiskele.com\/img\/2025\/09\/flansli-iskele-gold-2.webp\" data-elementor-open-lightbox=\"yes\" data-elementor-lightbox-slideshow=\"ba3f2ad\" data-elementor-lightbox-title=\"flansli-iskele-gold-2\" data-e-action-hash=\"#elementor-action%3Aaction%3Dlightbox%26settings%3DeyJpZCI6MTU3MSwidXJsIjoiaHR0cHM6XC9cL2dvbGRpc2tlbGUuY29tXC9pbWdcLzIwMjVcLzA5XC9mbGFuc2xpLWlza2VsZS1nb2xkLTIud2VicCIsInNsaWRlc2hvdyI6ImJhM2YyYWQifQ%3D%3D\">\n\t\t\t\t\t<div class=\"e-gallery-image elementor-gallery-item__image\" data-thumbnail=\"https:\/\/goldiskele.com\/img\/2025\/09\/flansli-iskele-gold-2.webp\" data-width=\"1683\" data-height=\"2244\" aria-label=\"\" role=\"img\" ><\/div>\n\t\t\t\t\t\t\t\t\t\t\t<div class=\"elementor-gallery-item__overlay\"><\/div>\n\t\t\t\t\t\t\t\t\t\t\t\t\t\t<\/a>\n\t\t\t\t\t<\/div>\n\t\t\t\t\t<\/div>\n\t\t\t\t\t<\/div>\n\t\t\t\t<\/div>\n\t\t<div class=\"elementor-element elementor-element-f63c6fe e-flex e-con-boxed e-con e-parent\" data-id=\"f63c6fe\" data-element_type=\"container\">\n\t\t\t\t\t<div class=\"e-con-inner\">\n\t\t\t\t<div class=\"elementor-element elementor-element-20bde0d elementor-widget elementor-widget-heading\" data-id=\"20bde0d\" data-element_type=\"widget\" data-widget_type=\"heading.default\">\n\t\t\t\t\t<p class=\"elementor-heading-title elementor-size-default\">OUR PRODUCTS<\/p>\t\t\t\t<\/div>\n\t\t\t\t<div class=\"elementor-element elementor-element-507ceb0 elementor-widget elementor-widget-template\" data-id=\"507ceb0\" data-element_type=\"widget\" data-widget_type=\"template.default\">\n\t\t\t\t<div class=\"elementor-widget-container\">\n\t\t\t\t\t\t\t<div class=\"elementor-template\">\n\t\t\t\t\t<div data-elementor-type=\"section\" data-elementor-id=\"1496\" class=\"elementor elementor-1496\" data-elementor-post-type=\"elementor_library\">\n\t\t\t<div class=\"elementor-element elementor-element-74e6dc4 e-con-full e-flex e-con e-child\" data-id=\"74e6dc4\" data-element_type=\"container\">\n\t\t<div class=\"elementor-element elementor-element-b8c23cd e-con-full e-flex e-con e-child\" data-id=\"b8c23cd\" data-element_type=\"container\">\n\t\t\t\t<div class=\"elementor-element elementor-element-7f6ceb6 elementor-icon-list--layout-traditional elementor-list-item-link-full_width elementor-widget elementor-widget-icon-list\" data-id=\"7f6ceb6\" data-element_type=\"widget\" data-widget_type=\"icon-list.default\">\n\t\t\t\t\t\t\t<ul class=\"elementor-icon-list-items\">\n\t\t\t\t\t\t\t<li class=\"elementor-icon-list-item\">\n\t\t\t\t\t\t\t\t\t\t\t<a href=\"\/en\/h-tipi-guvenlikli-i\u0307skele\/\">\n\n\t\t\t\t\t\t\t\t\t\t\t\t<span class=\"elementor-icon-list-icon\">\n\t\t\t\t\t\t\t<svg aria-hidden=\"true\" class=\"e-font-icon-svg e-fas-screwdriver\" viewbox=\"0 0 512 512\" xmlns=\"http:\/\/www.w3.org\/2000\/svg\"><path d=\"M448 0L320 96v62.06l-83.03 83.03c6.79 4.25 13.27 9.06 19.07 14.87 5.8 5.8 10.62 12.28 14.87 19.07L353.94 192H416l96-128-64-64zM128 278.59L10.92 395.67c-14.55 14.55-14.55 38.15 0 52.71l52.7 52.7c14.56 14.56 38.15 14.56 52.71 0L233.41 384c29.11-29.11 29.11-76.3 0-105.41s-76.3-29.11-105.41 0z\"><\/path><\/svg>\t\t\t\t\t\t<\/span>\n\t\t\t\t\t\t\t\t\t\t<span class=\"elementor-icon-list-text\">H Type Safe Scaffolding<\/span>\n\t\t\t\t\t\t\t\t\t\t\t<\/a>\n\t\t\t\t\t\t\t\t\t<\/li>\n\t\t\t\t\t\t<\/ul>\n\t\t\t\t\t\t<\/div>\n\t\t\t\t<div class=\"elementor-element elementor-element-3d0243f elementor-widget elementor-widget-image\" data-id=\"3d0243f\" data-element_type=\"widget\" data-widget_type=\"image.default\">\n\t\t\t\t\t\t\t\t\t\t\t\t\t\t\t\t<a href=\"https:\/\/goldiskele.com\/en\/h-type-scaffolding\/\">\n\t\t\t\t\t\t\t<img decoding=\"async\" width=\"775\" height=\"470\" src=\"https:\/\/goldiskele.com\/img\/2025\/08\/h-tipi-iskele-1.webp\" class=\"attachment-full size-full wp-image-1350\" alt=\"\" srcset=\"https:\/\/goldiskele.com\/img\/2025\/08\/h-tipi-iskele-1.webp 775w, https:\/\/goldiskele.com\/img\/2025\/08\/h-tipi-iskele-1-300x182.webp 300w, https:\/\/goldiskele.com\/img\/2025\/08\/h-tipi-iskele-1-768x466.webp 768w, https:\/\/goldiskele.com\/img\/2025\/08\/h-tipi-iskele-1-18x12.webp 18w\" sizes=\"(max-width: 775px) 100vw, 775px\" \/>\t\t\t\t\t\t\t\t<\/a>\n\t\t\t\t\t\t\t\t\t\t\t\t\t\t\t<\/div>\n\t\t\t\t<div class=\"elementor-element elementor-element-902fde4 elementor-widget elementor-widget-heading\" data-id=\"902fde4\" data-element_type=\"widget\" data-widget_type=\"heading.default\">\n\t\t\t\t\t<p class=\"elementor-heading-title elementor-size-default\"><a href=\"https:\/\/goldiskele.com\/en\/h-type-scaffolding\/\">H type safe scaffolding is one of the systems preferred especially in high-rise projects.<\/a><\/p>\t\t\t\t<\/div>\n\t\t\t\t<\/div>\n\t\t<div class=\"elementor-element elementor-element-edbe5c5 e-con-full e-flex e-con e-child\" data-id=\"edbe5c5\" data-element_type=\"container\">\n\t\t\t\t<div class=\"elementor-element elementor-element-1002fb9 elementor-icon-list--layout-traditional elementor-list-item-link-full_width elementor-widget elementor-widget-icon-list\" data-id=\"1002fb9\" data-element_type=\"widget\" data-widget_type=\"icon-list.default\">\n\t\t\t\t\t\t\t<ul class=\"elementor-icon-list-items\">\n\t\t\t\t\t\t\t<li class=\"elementor-icon-list-item\">\n\t\t\t\t\t\t\t\t\t\t\t<a href=\"\/en\/flansli-i\u0307skele\/\">\n\n\t\t\t\t\t\t\t\t\t\t\t\t<span class=\"elementor-icon-list-icon\">\n\t\t\t\t\t\t\t<svg aria-hidden=\"true\" class=\"e-font-icon-svg e-fas-screwdriver\" viewbox=\"0 0 512 512\" xmlns=\"http:\/\/www.w3.org\/2000\/svg\"><path d=\"M448 0L320 96v62.06l-83.03 83.03c6.79 4.25 13.27 9.06 19.07 14.87 5.8 5.8 10.62 12.28 14.87 19.07L353.94 192H416l96-128-64-64zM128 278.59L10.92 395.67c-14.55 14.55-14.55 38.15 0 52.71l52.7 52.7c14.56 14.56 38.15 14.56 52.71 0L233.41 384c29.11-29.11 29.11-76.3 0-105.41s-76.3-29.11-105.41 0z\"><\/path><\/svg>\t\t\t\t\t\t<\/span>\n\t\t\t\t\t\t\t\t\t\t<span class=\"elementor-icon-list-text\">Flanged Scaffolding<\/span>\n\t\t\t\t\t\t\t\t\t\t\t<\/a>\n\t\t\t\t\t\t\t\t\t<\/li>\n\t\t\t\t\t\t<\/ul>\n\t\t\t\t\t\t<\/div>\n\t\t\t\t<div class=\"elementor-element elementor-element-8bdd04e elementor-widget elementor-widget-image\" data-id=\"8bdd04e\" data-element_type=\"widget\" data-widget_type=\"image.default\">\n\t\t\t\t\t\t\t\t\t\t\t\t\t\t\t\t<a href=\"https:\/\/goldiskele.com\/en\/flanged-scaffolding\/\">\n\t\t\t\t\t\t\t<img decoding=\"async\" width=\"800\" height=\"600\" src=\"https:\/\/goldiskele.com\/img\/2025\/08\/flansli-iskele-1a.webp\" class=\"attachment-full size-full wp-image-1351\" alt=\"\" srcset=\"https:\/\/goldiskele.com\/img\/2025\/08\/flansli-iskele-1a.webp 800w, https:\/\/goldiskele.com\/img\/2025\/08\/flansli-iskele-1a-300x225.webp 300w, https:\/\/goldiskele.com\/img\/2025\/08\/flansli-iskele-1a-768x576.webp 768w, https:\/\/goldiskele.com\/img\/2025\/08\/flansli-iskele-1a-16x12.webp 16w\" sizes=\"(max-width: 800px) 100vw, 800px\" \/>\t\t\t\t\t\t\t\t<\/a>\n\t\t\t\t\t\t\t\t\t\t\t\t\t\t\t<\/div>\n\t\t\t\t<div class=\"elementor-element elementor-element-065dff7 elementor-widget elementor-widget-heading\" data-id=\"065dff7\" data-element_type=\"widget\" data-widget_type=\"heading.default\">\n\t\t\t\t\t<p class=\"elementor-heading-title elementor-size-default\"><a href=\"https:\/\/goldiskele.com\/en\/flanged-scaffolding\/\">Flanged scaffolding systems easily adapt to different projects with their flexible use.<\/a><\/p>\t\t\t\t<\/div>\n\t\t\t\t<\/div>\n\t\t<div class=\"elementor-element elementor-element-f3dda27 e-con-full e-flex e-con e-child\" data-id=\"f3dda27\" data-element_type=\"container\">\n\t\t\t\t<div class=\"elementor-element elementor-element-077560e elementor-icon-list--layout-traditional elementor-list-item-link-full_width elementor-widget elementor-widget-icon-list\" data-id=\"077560e\" data-element_type=\"widget\" data-widget_type=\"icon-list.default\">\n\t\t\t\t\t\t\t<ul class=\"elementor-icon-list-items\">\n\t\t\t\t\t\t\t<li class=\"elementor-icon-list-item\">\n\t\t\t\t\t\t\t\t\t\t\t<a href=\"\/en\/mobil-tekerlekli-iskele\/\">\n\n\t\t\t\t\t\t\t\t\t\t\t\t<span class=\"elementor-icon-list-icon\">\n\t\t\t\t\t\t\t<svg aria-hidden=\"true\" class=\"e-font-icon-svg e-fas-screwdriver\" viewbox=\"0 0 512 512\" xmlns=\"http:\/\/www.w3.org\/2000\/svg\"><path d=\"M448 0L320 96v62.06l-83.03 83.03c6.79 4.25 13.27 9.06 19.07 14.87 5.8 5.8 10.62 12.28 14.87 19.07L353.94 192H416l96-128-64-64zM128 278.59L10.92 395.67c-14.55 14.55-14.55 38.15 0 52.71l52.7 52.7c14.56 14.56 38.15 14.56 52.71 0L233.41 384c29.11-29.11 29.11-76.3 0-105.41s-76.3-29.11-105.41 0z\"><\/path><\/svg>\t\t\t\t\t\t<\/span>\n\t\t\t\t\t\t\t\t\t\t<span class=\"elementor-icon-list-text\">Mobile Wheeled Scaffolding<\/span>\n\t\t\t\t\t\t\t\t\t\t\t<\/a>\n\t\t\t\t\t\t\t\t\t<\/li>\n\t\t\t\t\t\t<\/ul>\n\t\t\t\t\t\t<\/div>\n\t\t\t\t<div class=\"elementor-element elementor-element-abd1fcb elementor-widget elementor-widget-image\" data-id=\"abd1fcb\" data-element_type=\"widget\" data-widget_type=\"image.default\">\n\t\t\t\t\t\t\t\t\t\t\t\t\t\t\t\t<a href=\"https:\/\/goldiskele.com\/en\/mobile-wheeled-scaffolding\/\">\n\t\t\t\t\t\t\t<img loading=\"lazy\" decoding=\"async\" width=\"800\" height=\"500\" src=\"https:\/\/goldiskele.com\/img\/2025\/08\/mobil-tekerlekli-iskele-1a.webp\" class=\"attachment-full size-full wp-image-1353\" alt=\"\" srcset=\"https:\/\/goldiskele.com\/img\/2025\/08\/mobil-tekerlekli-iskele-1a.webp 800w, https:\/\/goldiskele.com\/img\/2025\/08\/mobil-tekerlekli-iskele-1a-300x188.webp 300w, https:\/\/goldiskele.com\/img\/2025\/08\/mobil-tekerlekli-iskele-1a-768x480.webp 768w, https:\/\/goldiskele.com\/img\/2025\/08\/mobil-tekerlekli-iskele-1a-18x12.webp 18w\" sizes=\"(max-width: 800px) 100vw, 800px\" \/>\t\t\t\t\t\t\t\t<\/a>\n\t\t\t\t\t\t\t\t\t\t\t\t\t\t\t<\/div>\n\t\t\t\t<div class=\"elementor-element elementor-element-5647abe elementor-widget elementor-widget-heading\" data-id=\"5647abe\" data-element_type=\"widget\" data-widget_type=\"heading.default\">\n\t\t\t\t\t<p class=\"elementor-heading-title elementor-size-default\"><a href=\"https:\/\/goldiskele.com\/en\/mobile-wheeled-scaffolding\/\">Mobile wheeled scaffolding is the most practical solution for tasks that require quick mobility.<\/a><\/p>\t\t\t\t<\/div>\n\t\t\t\t<\/div>\n\t\t<div class=\"elementor-element elementor-element-e7d16f8 e-con-full e-flex e-con e-child\" data-id=\"e7d16f8\" data-element_type=\"container\">\n\t\t\t\t<div class=\"elementor-element elementor-element-f53adaf elementor-icon-list--layout-traditional elementor-list-item-link-full_width elementor-widget elementor-widget-icon-list\" data-id=\"f53adaf\" data-element_type=\"widget\" data-widget_type=\"icon-list.default\">\n\t\t\t\t\t\t\t<ul class=\"elementor-icon-list-items\">\n\t\t\t\t\t\t\t<li class=\"elementor-icon-list-item\">\n\t\t\t\t\t\t\t\t\t\t\t<a href=\"\/en\/iskele-aksesuarlari\/\">\n\n\t\t\t\t\t\t\t\t\t\t\t\t<span class=\"elementor-icon-list-icon\">\n\t\t\t\t\t\t\t<svg aria-hidden=\"true\" class=\"e-font-icon-svg e-fas-screwdriver\" viewbox=\"0 0 512 512\" xmlns=\"http:\/\/www.w3.org\/2000\/svg\"><path d=\"M448 0L320 96v62.06l-83.03 83.03c6.79 4.25 13.27 9.06 19.07 14.87 5.8 5.8 10.62 12.28 14.87 19.07L353.94 192H416l96-128-64-64zM128 278.59L10.92 395.67c-14.55 14.55-14.55 38.15 0 52.71l52.7 52.7c14.56 14.56 38.15 14.56 52.71 0L233.41 384c29.11-29.11 29.11-76.3 0-105.41s-76.3-29.11-105.41 0z\"><\/path><\/svg>\t\t\t\t\t\t<\/span>\n\t\t\t\t\t\t\t\t\t\t<span class=\"elementor-icon-list-text\">Scaffolding Accessories<\/span>\n\t\t\t\t\t\t\t\t\t\t\t<\/a>\n\t\t\t\t\t\t\t\t\t<\/li>\n\t\t\t\t\t\t<\/ul>\n\t\t\t\t\t\t<\/div>\n\t\t\t\t<div class=\"elementor-element elementor-element-84efeb2 elementor-widget elementor-widget-image\" data-id=\"84efeb2\" data-element_type=\"widget\" data-widget_type=\"image.default\">\n\t\t\t\t\t\t\t\t\t\t\t\t\t\t\t\t<a href=\"https:\/\/goldiskele.com\/en\/scaffolding-accessories\/\">\n\t\t\t\t\t\t\t<img loading=\"lazy\" decoding=\"async\" width=\"1536\" height=\"2040\" src=\"https:\/\/goldiskele.com\/img\/2025\/09\/iskele-aksesuarlari.webp\" class=\"attachment-full size-full wp-image-1472\" alt=\"\" srcset=\"https:\/\/goldiskele.com\/img\/2025\/09\/iskele-aksesuarlari.webp 1536w, https:\/\/goldiskele.com\/img\/2025\/09\/iskele-aksesuarlari-226x300.webp 226w, https:\/\/goldiskele.com\/img\/2025\/09\/iskele-aksesuarlari-771x1024.webp 771w, https:\/\/goldiskele.com\/img\/2025\/09\/iskele-aksesuarlari-768x1020.webp 768w, https:\/\/goldiskele.com\/img\/2025\/09\/iskele-aksesuarlari-1157x1536.webp 1157w, https:\/\/goldiskele.com\/img\/2025\/09\/iskele-aksesuarlari-9x12.webp 9w\" sizes=\"(max-width: 1536px) 100vw, 1536px\" \/>\t\t\t\t\t\t\t\t<\/a>\n\t\t\t\t\t\t\t\t\t\t\t\t\t\t\t<\/div>\n\t\t\t\t<div class=\"elementor-element elementor-element-2cc2b95 elementor-widget elementor-widget-heading\" data-id=\"2cc2b95\" data-element_type=\"widget\" data-widget_type=\"heading.default\">\n\t\t\t\t\t<p class=\"elementor-heading-title elementor-size-default\"><a href=\"https:\/\/goldiskele.com\/en\/scaffolding-accessories\/\">The most important element that completes a scaffolding system is the right accessories.<\/a><\/p>\t\t\t\t<\/div>\n\t\t\t\t<\/div>\n\t\t\t\t<\/div>\n\t\t\t\t<\/div>\n\t\t\t\t<\/div>\n\t\t\t\t\t\t<\/div>\n\t\t\t\t<\/div>\n\t\t\t\t\t<\/div>\n\t\t\t\t<\/div>\n\t\t\t\t<\/div>","protected":false},"excerpt":{"rendered":"<p>FLAN\u015eLI \u0130SKELE S\u0130STEM\u0130 Flan\u015fl\u0131 \u0130skele;\u00a0end\u00fcstriyel yap\u0131lar, gemi yap\u0131m ve onar\u0131m\u0131 (tersaneler), sanat yap\u0131lar\u0131, enerji santralleri, u\u00e7ak bak\u0131m-onar\u0131m tesisleri, \u00e7imento \u00fcretim fabrikalar\u0131, t\u00fcnel ve baraj in\u015faatlar\u0131 gibi \u00e7e\u015fitli alanlarda ve her t\u00fcrl\u00fc cephe \u00e7al\u0131\u015fmas\u0131nda kullan\u0131labilen \u00e7ok y\u00f6nl\u00fc bir iskele sistemidir. Hem d\u00f6\u015feme alt\u0131nda ta\u015f\u0131y\u0131c\u0131 iskele olarak hem de cephelerde \u00e7al\u0131\u015fma iskelesi olarak kullan\u0131labilir. G\u00fcvenli ve uygulanabilir [&hellip;]<\/p>","protected":false},"author":1,"featured_media":0,"parent":0,"menu_order":0,"comment_status":"closed","ping_status":"closed","template":"","meta":{"footnotes":""},"class_list":["post-1491","page","type-page","status-publish","hentry"],"_links":{"self":[{"href":"https:\/\/goldiskele.com\/en\/wp-json\/wp\/v2\/pages\/1491","targetHints":{"allow":["GET"]}}],"collection":[{"href":"https:\/\/goldiskele.com\/en\/wp-json\/wp\/v2\/pages"}],"about":[{"href":"https:\/\/goldiskele.com\/en\/wp-json\/wp\/v2\/types\/page"}],"author":[{"embeddable":true,"href":"https:\/\/goldiskele.com\/en\/wp-json\/wp\/v2\/users\/1"}],"replies":[{"embeddable":true,"href":"https:\/\/goldiskele.com\/en\/wp-json\/wp\/v2\/comments?post=1491"}],"version-history":[{"count":29,"href":"https:\/\/goldiskele.com\/en\/wp-json\/wp\/v2\/pages\/1491\/revisions"}],"predecessor-version":[{"id":1904,"href":"https:\/\/goldiskele.com\/en\/wp-json\/wp\/v2\/pages\/1491\/revisions\/1904"}],"wp:attachment":[{"href":"https:\/\/goldiskele.com\/en\/wp-json\/wp\/v2\/media?parent=1491"}],"curies":[{"name":"wp","href":"https:\/\/api.w.org\/{rel}","templated":true}]}}