{"id":1125,"date":"2025-09-07T17:39:21","date_gmt":"2025-09-07T14:39:21","guid":{"rendered":"https:\/\/goldiskele.com\/?page_id=1125"},"modified":"2025-09-17T00:04:41","modified_gmt":"2025-09-16T21:04:41","slug":"kvkk-aydinlatma-metni","status":"publish","type":"page","link":"https:\/\/goldiskele.com\/en\/kvkk-disclosure\/","title":{"rendered":"KVKK Privacy Notice"},"content":{"rendered":"<div data-elementor-type=\"wp-page\" data-elementor-id=\"1125\" class=\"elementor elementor-1125\" data-elementor-post-type=\"page\">\n\t\t\t\t<div class=\"elementor-element elementor-element-f82fa27 e-con-full e-flex e-con e-parent\" data-id=\"f82fa27\" data-element_type=\"container\" data-settings=\"{&quot;background_background&quot;:&quot;gradient&quot;}\">\n\t\t\t\t<div class=\"elementor-element elementor-element-47e0b31 elementor-widget elementor-widget-template\" data-id=\"47e0b31\" data-element_type=\"widget\" data-widget_type=\"template.default\">\n\t\t\t\t<div class=\"elementor-widget-container\">\n\t\t\t\t\t\t\t<div class=\"elementor-template\">\n\t\t\t\t\t<div data-elementor-type=\"section\" data-elementor-id=\"420\" class=\"elementor elementor-420\" data-elementor-post-type=\"elementor_library\">\n\t\t\t\t\t<section class=\"elementor-section elementor-top-section elementor-element elementor-element-47032a9 elementor-section-boxed elementor-section-height-default elementor-section-height-default\" data-id=\"47032a9\" data-element_type=\"section\">\n\t\t\t\t\t\t\t<div class=\"elementor-background-overlay\"><\/div>\n\t\t\t\t\t\t\t<div class=\"elementor-container elementor-column-gap-default\">\n\t\t\t\t\t<div class=\"elementor-column elementor-col-100 elementor-top-column elementor-element elementor-element-832da9e\" data-id=\"832da9e\" data-element_type=\"column\">\n\t\t\t<div class=\"elementor-widget-wrap elementor-element-populated\">\n\t\t\t\t\t\t<div class=\"elementor-element elementor-element-8017f1c elementor-icon-list--layout-inline elementor-align-left elementor-widget__width-auto elementor-list-item-link-full_width elementor-invisible elementor-widget elementor-widget-icon-list\" data-id=\"8017f1c\" data-element_type=\"widget\" data-settings=\"{&quot;_animation&quot;:&quot;fadeInDown&quot;}\" data-widget_type=\"icon-list.default\">\n\t\t\t\t\t\t\t<ul class=\"elementor-icon-list-items elementor-inline-items\">\n\t\t\t\t\t\t\t<li class=\"elementor-icon-list-item elementor-inline-item\">\n\t\t\t\t\t\t\t\t\t\t\t<a href=\"\/en\/\">\n\n\t\t\t\t\t\t\t\t\t\t\t<span class=\"elementor-icon-list-text\">Home \/<\/span>\n\t\t\t\t\t\t\t\t\t\t\t<\/a>\n\t\t\t\t\t\t\t\t\t<\/li>\n\t\t\t\t\t\t<\/ul>\n\t\t\t\t\t\t<\/div>\n\t\t\t\t\t<\/div>\n\t\t<\/div>\n\t\t\t\t\t<\/div>\n\t\t<\/section>\n\t\t\t\t<\/div>\n\t\t\t\t<\/div>\n\t\t\t\t\t\t<\/div>\n\t\t\t\t<\/div>\n\t\t\t\t<\/div>\n\t\t<div class=\"elementor-element elementor-element-60799f6 e-con-full e-flex e-con e-parent\" data-id=\"60799f6\" data-element_type=\"container\">\n\t\t\t\t<div class=\"elementor-element elementor-element-dcd1e3c elementor-widget elementor-widget-heading\" data-id=\"dcd1e3c\" data-element_type=\"widget\" data-widget_type=\"heading.default\">\n\t\t\t\t\t<h2 class=\"elementor-heading-title elementor-size-default\">GOLD SCAFFOLD \u2013 PERSONAL DATA PROTECTION CLARIFICATION TEXT<\/h2>\t\t\t\t<\/div>\n\t\t\t\t<div class=\"elementor-element elementor-element-dbaf88c elementor-widget elementor-widget-text-editor\" data-id=\"dbaf88c\" data-element_type=\"widget\" data-widget_type=\"text-editor.default\">\n\t\t\t\t\t\t\t\t\t<p data-start=\"125\" data-end=\"404\"><strong data-start=\"125\" data-end=\"146\">1. Data Controller<\/strong><br data-start=\"146\" data-end=\"149\" \/>This clarification text has been prepared in accordance with the Personal Data Protection Law No. 6698 (\u201cKVKK\u201d) regarding the processing of personal data obtained by <strong data-start=\"236\" data-end=\"274\">Gold Scaffold<\/strong>\u00a0during job and internship application processes.<\/p><p data-start=\"406\" data-end=\"503\"><strong data-start=\"406\" data-end=\"436\">2. Processed Personal Data<\/strong><br data-start=\"436\" data-end=\"439\" \/>The following personal data are processed during the application process:<\/p><ul data-start=\"504\" data-end=\"748\"><li data-start=\"504\" data-end=\"554\"><p data-start=\"506\" data-end=\"554\">Identification Information (Name, Surname, Date of Birth, etc.)<\/p><\/li><li data-start=\"555\" data-end=\"600\"><p data-start=\"557\" data-end=\"600\">Contact Information (Phone, Email, etc.)<\/p><\/li><li data-start=\"601\" data-end=\"631\"><p data-start=\"603\" data-end=\"631\">Educational and Professional Information<\/p><\/li><li data-start=\"632\" data-end=\"658\"><p data-start=\"634\" data-end=\"658\">Applied Position<\/p><\/li><li data-start=\"659\" data-end=\"700\"><p data-start=\"661\" data-end=\"700\">Information included in CVs and supporting documents<\/p><\/li><li data-start=\"701\" data-end=\"748\"><p data-start=\"703\" data-end=\"748\">Interview notes, reference information (if any)<\/p><\/li><\/ul><p data-start=\"750\" data-end=\"859\"><strong data-start=\"750\" data-end=\"791\">3. Purposes of Processing Personal Data<\/strong><br data-start=\"791\" data-end=\"794\" \/>Your collected personal data are processed for the following purposes:<\/p><ul data-start=\"860\" data-end=\"1085\"><li data-start=\"860\" data-end=\"928\"><p data-start=\"862\" data-end=\"928\">Conducting recruitment\/intern selection and placement processes<\/p><\/li><li data-start=\"929\" data-end=\"985\"><p data-start=\"931\" data-end=\"985\">Evaluating applications and establishing communication<\/p><\/li><li data-start=\"986\" data-end=\"1030\"><p data-start=\"988\" data-end=\"1030\">Fulfilling legal obligations<\/p><\/li><li data-start=\"1031\" data-end=\"1085\"><p data-start=\"1033\" data-end=\"1085\">Providing information to authorized persons, institutions, and organizations<\/p><\/li><\/ul><p data-start=\"1087\" data-end=\"1183\"><strong data-start=\"1087\" data-end=\"1123\">4. Transfer of Personal Data<\/strong><br data-start=\"1123\" data-end=\"1126\" \/>Your data may be transferred, in line with the purposes mentioned above:<\/p><ul data-start=\"1184\" data-end=\"1378\"><li data-start=\"1184\" data-end=\"1246\"><p data-start=\"1186\" data-end=\"1246\">To official institutions and organizations as required by legal obligations<\/p><\/li><li data-start=\"1247\" data-end=\"1378\"><p data-start=\"1249\" data-end=\"1378\">To consultancy firms assisting in human resources processes<br data-start=\"1316\" data-end=\"1319\" \/>in accordance with Articles 8 and 9 of the KVKK.<\/p><\/li><\/ul><p data-start=\"1380\" data-end=\"1668\"><strong data-start=\"1380\" data-end=\"1442\">5. Method of Collection and Legal Basis of Personal Data<\/strong><br data-start=\"1442\" data-end=\"1445\" \/>Your personal data are collected electronically or physically through our website, email, application forms, job interviews, and similar channels, and are processed based on Articles 5 and 6 of the KVKK.<\/p><p data-start=\"1670\" data-end=\"1805\"><strong data-start=\"1670\" data-end=\"1705\">6. Your Rights Under KVKK<\/strong><br data-start=\"1705\" data-end=\"1708\" \/>According to Article 11 of the KVKK, you have the following rights regarding your personal data:<\/p><ul data-start=\"1806\" data-end=\"2488\"><li data-start=\"1806\" data-end=\"1861\"><p data-start=\"1808\" data-end=\"1861\">To learn whether your personal data are being processed<\/p><\/li><li data-start=\"1862\" data-end=\"1893\"><p data-start=\"1864\" data-end=\"1893\">To request information if your data are processed<\/p><\/li><li data-start=\"1894\" data-end=\"1966\"><p data-start=\"1896\" data-end=\"1966\">To learn the purpose of processing and whether it is being used in accordance with that purpose<\/p><\/li><li data-start=\"1967\" data-end=\"2034\"><p data-start=\"1969\" data-end=\"2034\">To know the third parties to whom your data are transferred domestically or abroad<\/p><\/li><li data-start=\"2035\" data-end=\"2089\"><p data-start=\"2037\" data-end=\"2089\">To request correction if your data are incomplete or inaccurately processed<\/p><\/li><li data-start=\"2090\" data-end=\"2160\"><p data-start=\"2092\" data-end=\"2160\">To request deletion or destruction within legal requirements<\/p><\/li><li data-start=\"2161\" data-end=\"2228\"><p data-start=\"2163\" data-end=\"2228\">To request notification of transactions to third parties to whom your data have been transferred<\/p><\/li><li data-start=\"2229\" data-end=\"2376\"><p data-start=\"2231\" data-end=\"2376\">To object to outcomes against you resulting from the analysis of your data solely through automated systems<\/p><\/li><li data-start=\"2377\" data-end=\"2488\"><p data-start=\"2379\" data-end=\"2488\">To request compensation for damages resulting from unlawful processing of your data<\/p><\/li><\/ul><p data-start=\"2490\" data-end=\"2661\"><strong data-start=\"2490\" data-end=\"2516\">7. Application and Contact<\/strong><br data-start=\"2516\" data-end=\"2519\" \/>If you wish to exercise the above rights, you may apply in writing or <strong data-start=\"2583\" data-end=\"2606\"><a class=\"decorated-link cursor-pointer\" rel=\"noopener\" data-start=\"2585\" data-end=\"2604\">info@goldiskele.com<\/a><\/strong> via email to info@goldiskele.com\n.<\/p><p data-start=\"2745\" data-end=\"2846\"><strong data-start=\"2745\" data-end=\"2755\">Address<\/strong> Orhanl\u0131, Malazgirt Cd. No:9 34956 Tuzla\/ \u0130stanbul<br data-start=\"2779\" data-end=\"2782\" \/><strong data-start=\"2782\" data-end=\"2794\">E-Mail<\/strong> info@goldiskele.com<br data-start=\"2814\" data-end=\"2817\" \/><strong data-start=\"2817\" data-end=\"2829\">Phone<\/strong> [+90 533 045 90 26]<\/p>\t\t\t\t\t\t\t\t<\/div>\n\t\t\t\t<\/div>\n\t\t\t\t<\/div>","protected":false},"excerpt":{"rendered":"<p>GOLD \u0130SKELE \u2013 K\u0130\u015e\u0130SEL VER\u0130LER\u0130N KORUNMASI AYDINLATMA METN\u0130 1. Veri SorumlusuBu ayd\u0131nlatma metni, 6698 say\u0131l\u0131 Ki\u015fisel Verilerin Korunmas\u0131 Kanunu (\u201cKVKK\u201d) uyar\u0131nca, Gold \u0130skele\u00a0taraf\u0131ndan i\u015f ba\u015fvurusu ve staj ba\u015fvurusu s\u00fcre\u00e7lerinde elde edilen ki\u015fisel verilerin i\u015flenmesine ili\u015fkin olarak haz\u0131rlanm\u0131\u015ft\u0131r. 2. \u0130\u015flenen Ki\u015fisel VerilerBa\u015fvuru s\u00fcrecinde a\u015fa\u011f\u0131daki ki\u015fisel verileriniz i\u015flenmektedir: Kimlik Bilgileri (Ad, Soyad, Do\u011fum Tarihi vb.) \u0130leti\u015fim Bilgileri [&hellip;]<\/p>","protected":false},"author":1,"featured_media":0,"parent":0,"menu_order":0,"comment_status":"closed","ping_status":"closed","template":"","meta":{"footnotes":""},"class_list":["post-1125","page","type-page","status-publish","hentry"],"_links":{"self":[{"href":"https:\/\/goldiskele.com\/en\/wp-json\/wp\/v2\/pages\/1125","targetHints":{"allow":["GET"]}}],"collection":[{"href":"https:\/\/goldiskele.com\/en\/wp-json\/wp\/v2\/pages"}],"about":[{"href":"https:\/\/goldiskele.com\/en\/wp-json\/wp\/v2\/types\/page"}],"author":[{"embeddable":true,"href":"https:\/\/goldiskele.com\/en\/wp-json\/wp\/v2\/users\/1"}],"replies":[{"embeddable":true,"href":"https:\/\/goldiskele.com\/en\/wp-json\/wp\/v2\/comments?post=1125"}],"version-history":[{"count":29,"href":"https:\/\/goldiskele.com\/en\/wp-json\/wp\/v2\/pages\/1125\/revisions"}],"predecessor-version":[{"id":1910,"href":"https:\/\/goldiskele.com\/en\/wp-json\/wp\/v2\/pages\/1125\/revisions\/1910"}],"wp:attachment":[{"href":"https:\/\/goldiskele.com\/en\/wp-json\/wp\/v2\/media?parent=1125"}],"curies":[{"name":"wp","href":"https:\/\/api.w.org\/{rel}","templated":true}]}}