{"id":1120,"date":"2025-09-07T17:28:56","date_gmt":"2025-09-07T14:28:56","guid":{"rendered":"https:\/\/goldiskele.com\/?page_id=1120"},"modified":"2025-09-08T13:34:13","modified_gmt":"2025-09-08T10:34:13","slug":"insan-kaynaklari-politikasi","status":"publish","type":"page","link":"https:\/\/goldiskele.com\/en\/hr-policy\/","title":{"rendered":"Human Resources Policy"},"content":{"rendered":"<div data-elementor-type=\"wp-page\" data-elementor-id=\"1120\" class=\"elementor elementor-1120\" data-elementor-post-type=\"page\">\n\t\t\t\t<div class=\"elementor-element elementor-element-f82fa27 e-con-full e-flex e-con e-parent\" data-id=\"f82fa27\" data-element_type=\"container\" data-settings=\"{&quot;background_background&quot;:&quot;gradient&quot;}\">\n\t\t\t\t<div class=\"elementor-element elementor-element-47e0b31 elementor-widget elementor-widget-template\" data-id=\"47e0b31\" data-element_type=\"widget\" data-widget_type=\"template.default\">\n\t\t\t\t<div class=\"elementor-widget-container\">\n\t\t\t\t\t\t\t<div class=\"elementor-template\">\n\t\t\t\t\t<div data-elementor-type=\"section\" data-elementor-id=\"420\" class=\"elementor elementor-420\" data-elementor-post-type=\"elementor_library\">\n\t\t\t\t\t<section class=\"elementor-section elementor-top-section elementor-element elementor-element-47032a9 elementor-section-boxed elementor-section-height-default elementor-section-height-default\" data-id=\"47032a9\" data-element_type=\"section\">\n\t\t\t\t\t\t\t<div class=\"elementor-background-overlay\"><\/div>\n\t\t\t\t\t\t\t<div class=\"elementor-container elementor-column-gap-default\">\n\t\t\t\t\t<div class=\"elementor-column elementor-col-100 elementor-top-column elementor-element elementor-element-832da9e\" data-id=\"832da9e\" data-element_type=\"column\">\n\t\t\t<div class=\"elementor-widget-wrap elementor-element-populated\">\n\t\t\t\t\t\t<div class=\"elementor-element elementor-element-8017f1c elementor-icon-list--layout-inline elementor-align-left elementor-widget__width-auto elementor-list-item-link-full_width elementor-invisible elementor-widget elementor-widget-icon-list\" data-id=\"8017f1c\" data-element_type=\"widget\" data-settings=\"{&quot;_animation&quot;:&quot;fadeInDown&quot;}\" data-widget_type=\"icon-list.default\">\n\t\t\t\t\t\t\t<ul class=\"elementor-icon-list-items elementor-inline-items\">\n\t\t\t\t\t\t\t<li class=\"elementor-icon-list-item elementor-inline-item\">\n\t\t\t\t\t\t\t\t\t\t\t<a href=\"\/en\/\">\n\n\t\t\t\t\t\t\t\t\t\t\t<span class=\"elementor-icon-list-text\">Home \/<\/span>\n\t\t\t\t\t\t\t\t\t\t\t<\/a>\n\t\t\t\t\t\t\t\t\t<\/li>\n\t\t\t\t\t\t<\/ul>\n\t\t\t\t\t\t<\/div>\n\t\t\t\t\t<\/div>\n\t\t<\/div>\n\t\t\t\t\t<\/div>\n\t\t<\/section>\n\t\t\t\t<\/div>\n\t\t\t\t<\/div>\n\t\t\t\t\t\t<\/div>\n\t\t\t\t<\/div>\n\t\t\t\t<\/div>\n\t\t<div class=\"elementor-element elementor-element-67a7956 e-flex e-con-boxed e-con e-parent\" data-id=\"67a7956\" data-element_type=\"container\">\n\t\t\t\t\t<div class=\"e-con-inner\">\n\t\t<div class=\"elementor-element elementor-element-87a375d e-con-full e-flex e-con e-child\" data-id=\"87a375d\" data-element_type=\"container\">\n\t\t\t\t<div class=\"elementor-element elementor-element-66f2a6d elementor-widget elementor-widget-heading\" data-id=\"66f2a6d\" data-element_type=\"widget\" data-widget_type=\"heading.default\">\n\t\t\t\t\t<h3 class=\"elementor-heading-title elementor-size-default\">Human Resources Principles<\/h3>\t\t\t\t<\/div>\n\t\t\t\t<div class=\"elementor-element elementor-element-b0b2f99 elementor-widget elementor-widget-text-editor\" data-id=\"b0b2f99\" data-element_type=\"widget\" data-widget_type=\"text-editor.default\">\n\t\t\t\t\t\t\t\t\t<ul><li data-start=\"206\" data-end=\"343\"><p data-start=\"208\" data-end=\"343\">Ensure the right candidate is placed in the right role, allowing individuals to join our team based on their qualifications and competencies.<\/p><\/li><li data-start=\"344\" data-end=\"435\"><p data-start=\"346\" data-end=\"435\">Adopt the principle of equal opportunity in recruitment, promotion, and other HR processes.<\/p><\/li><li data-start=\"436\" data-end=\"522\"><p data-start=\"438\" data-end=\"522\">Establish a fair, transparent, and inclusive management approach for all employees.<\/p><\/li><li data-start=\"523\" data-end=\"617\"><p data-start=\"525\" data-end=\"617\">Foster a corporate culture that encourages teamwork and supports open communication.<\/p><\/li><li data-start=\"618\" data-end=\"723\"><p data-start=\"620\" data-end=\"723\">Provide training and development opportunities to support employees\u2019 knowledge, skills, and personal growth.<\/p><\/li><li data-start=\"724\" data-end=\"810\"><p data-start=\"726\" data-end=\"810\">Diligently fulfill all legal obligations, including occupational health and safety.<\/p><\/li><\/ul><h3>Development and Career<\/h3><ul><li>Supporting the personal and professional growth of our employees is a priority at Gold Scaffold. We promote continuous progress through regular feedback, performance evaluations, and competency-focused career planning.<\/li><\/ul><p>\u00a0<\/p><p><strong data-start=\"110\" data-end=\"158\">In line with this approach, Gold Scaffold:<\/strong><\/p><ul data-start=\"162\" data-end=\"1115\"><li data-start=\"162\" data-end=\"330\"><p data-start=\"164\" data-end=\"330\">Ensures equal opportunities in recruitment processes, prioritizing merit regardless of gender, religion, language, race, ethnic origin, age, disability, or refugee status.<\/p><\/li><li data-start=\"331\" data-end=\"436\"><p data-start=\"333\" data-end=\"436\">Improves labor standards and ensures fair job and wage distribution across the value chain.<\/p><\/li><li data-start=\"437\" data-end=\"546\"><p data-start=\"439\" data-end=\"546\">Adopts a transparent and open management style to establish trust-based and effective communication with employees.<\/p><\/li><li data-start=\"547\" data-end=\"637\"><p data-start=\"549\" data-end=\"637\">Provides necessary training and implements all measures related to occupational health and safety.<\/p><\/li><li data-start=\"638\" data-end=\"704\"><p data-start=\"640\" data-end=\"704\">Protects employees\u2019 personal data and emphasizes confidentiality.<\/p><\/li><li data-start=\"705\" data-end=\"809\"><p data-start=\"707\" data-end=\"809\">Monitors individual and team performance through continuous improvement processes and rewards success.<\/p><\/li><li data-start=\"810\" data-end=\"915\"><p data-start=\"812\" data-end=\"915\">Conducts risk assessments to reduce and prevent occupational accidents and work-related illnesses.<\/p><\/li><li data-start=\"916\" data-end=\"994\"><p data-start=\"918\" data-end=\"994\">Engages in social responsibility projects that benefit society.<\/p><\/li><li data-start=\"995\" data-end=\"1115\"><p data-start=\"997\" data-end=\"1115\">Demonstrates environmental and social awareness, giving special attention to equal opportunities for low-income groups and women.<\/p><\/li><\/ul>\t\t\t\t\t\t\t\t<\/div>\n\t\t\t\t<\/div>\n\t\t<div class=\"elementor-element elementor-element-a19d6c0 e-con-full e-flex e-con e-child\" data-id=\"a19d6c0\" data-element_type=\"container\">\n\t\t\t\t<div class=\"elementor-element elementor-element-125de4b elementor-widget elementor-widget-image\" data-id=\"125de4b\" data-element_type=\"widget\" data-widget_type=\"image.default\">\n\t\t\t\t\t\t\t\t\t\t\t\t\t\t\t\t<a href=\"\/en\/\">\n\t\t\t\t\t\t\t<img fetchpriority=\"high\" decoding=\"async\" width=\"1100\" height=\"1051\" src=\"https:\/\/goldiskele.com\/img\/2025\/08\/logo-gold-iskele.webp\" class=\"attachment-full size-full wp-image-969\" alt=\"\" srcset=\"https:\/\/goldiskele.com\/img\/2025\/08\/logo-gold-iskele.webp 1100w, https:\/\/goldiskele.com\/img\/2025\/08\/logo-gold-iskele-300x287.webp 300w, https:\/\/goldiskele.com\/img\/2025\/08\/logo-gold-iskele-1024x978.webp 1024w, https:\/\/goldiskele.com\/img\/2025\/08\/logo-gold-iskele-768x734.webp 768w, https:\/\/goldiskele.com\/img\/2025\/08\/logo-gold-iskele-13x12.webp 13w\" sizes=\"(max-width: 1100px) 100vw, 1100px\" \/>\t\t\t\t\t\t\t\t<\/a>\n\t\t\t\t\t\t\t\t\t\t\t\t\t\t\t<\/div>\n\t\t\t\t<\/div>\n\t\t\t\t\t<\/div>\n\t\t\t\t<\/div>\n\t\t\t\t<\/div>","protected":false},"excerpt":{"rendered":"<p>\u0130nsan Kaynaklar\u0131 \u0130lkeleri Do\u011fru i\u015fe do\u011fru ki\u015fiyi yerle\u015ftirme yakla\u015f\u0131m\u0131yla, adaylar\u0131n nitelik ve yetkinliklerine uygun \u015fekilde ekibimize kat\u0131lmalar\u0131n\u0131 sa\u011flamak. \u0130\u015fe al\u0131m, terfi ve di\u011fer insan kaynaklar\u0131 s\u00fcre\u00e7lerinde e\u015fit f\u0131rsat ilkesini benimsemek. T\u00fcm \u00e7al\u0131\u015fanlar\u0131m\u0131z i\u00e7in adil, \u015feffaf ve kapsay\u0131c\u0131 bir y\u00f6netim anlay\u0131\u015f\u0131 olu\u015fturmak. Tak\u0131m \u00e7al\u0131\u015fmas\u0131n\u0131 te\u015fvik eden ve a\u00e7\u0131k ileti\u015fimi destekleyen bir kurum k\u00fclt\u00fcr\u00fc geli\u015ftirmek. \u00c7al\u0131\u015fanlar\u0131n bilgi, [&hellip;]<\/p>","protected":false},"author":1,"featured_media":0,"parent":0,"menu_order":0,"comment_status":"closed","ping_status":"closed","template":"","meta":{"footnotes":""},"class_list":["post-1120","page","type-page","status-publish","hentry"],"_links":{"self":[{"href":"https:\/\/goldiskele.com\/en\/wp-json\/wp\/v2\/pages\/1120","targetHints":{"allow":["GET"]}}],"collection":[{"href":"https:\/\/goldiskele.com\/en\/wp-json\/wp\/v2\/pages"}],"about":[{"href":"https:\/\/goldiskele.com\/en\/wp-json\/wp\/v2\/types\/page"}],"author":[{"embeddable":true,"href":"https:\/\/goldiskele.com\/en\/wp-json\/wp\/v2\/users\/1"}],"replies":[{"embeddable":true,"href":"https:\/\/goldiskele.com\/en\/wp-json\/wp\/v2\/comments?post=1120"}],"version-history":[{"count":19,"href":"https:\/\/goldiskele.com\/en\/wp-json\/wp\/v2\/pages\/1120\/revisions"}],"predecessor-version":[{"id":1304,"href":"https:\/\/goldiskele.com\/en\/wp-json\/wp\/v2\/pages\/1120\/revisions\/1304"}],"wp:attachment":[{"href":"https:\/\/goldiskele.com\/en\/wp-json\/wp\/v2\/media?parent=1120"}],"curies":[{"name":"wp","href":"https:\/\/api.w.org\/{rel}","templated":true}]}}